{"id":10058659,"date":"2021-01-25T20:57:09","date_gmt":"2021-01-25T20:57:09","guid":{"rendered":"https:\/\/casinoalto.com\/ar\/?page_id=10054609"},"modified":"2026-03-18T18:27:10","modified_gmt":"2026-03-18T18:27:10","slug":"misiones","status":"publish","type":"page","link":"https:\/\/casinoalto.com\/ar\/misiones\/","title":{"rendered":"Casinos online en Misiones"},"content":{"rendered":"<p>La regulaci\u00f3n del juego online en Argentina es algo que todav\u00eda est\u00e1 lejos de ser un tema definido, pero hay algo muy particular en el pa\u00eds y es la\u00a0<strong>divisi\u00f3n que existe entre las provincias, lo cual hace que llegar a un acuerdo respecto al tema sea una situaci\u00f3n sumamente especial<\/strong>.<\/p>\n<p>Las delimitaciones provinciales marcan que, dentro del l\u00edmite de ellas, las autoridades de la provincia son las que se encargan de decidir las reglas que se dar\u00e1n.<\/p>\n<p>Es verdad que es un tema complicado, pero nos dimos a la tarea de buscar provincia por provincia cu\u00e1l es la situaci\u00f3n actual en torno a la regulaci\u00f3n del juego online.<\/p>\n<p>A continuaci\u00f3n, hablaremos un poco de los casinos online en Misiones.<\/p>\n<h2>\u00bfSon legales los sitios de juegos online en Misiones?<\/h2>\n<p><img loading=\"lazy\" decoding=\"async\" class=\"alignleft wp-image-10061364\" src=\"https:\/\/casinoalto.com\/ar\/wp-content\/uploads\/sites\/2\/2024\/12\/misiones-300x171.jpg\" alt=\"casinos misiones\" width=\"400\" height=\"229\" srcset=\"https:\/\/casinoalto.com\/ar\/wp-content\/uploads\/sites\/2\/2024\/12\/misiones-300x171.jpg 300w, https:\/\/casinoalto.com\/ar\/wp-content\/uploads\/sites\/2\/2024\/12\/misiones-70x40.jpg 70w, https:\/\/casinoalto.com\/ar\/wp-content\/uploads\/sites\/2\/2024\/12\/misiones-140x80.jpg 140w, https:\/\/casinoalto.com\/ar\/wp-content\/uploads\/sites\/2\/2024\/12\/misiones-236x135.jpg 236w, https:\/\/casinoalto.com\/ar\/wp-content\/uploads\/sites\/2\/2024\/12\/misiones.jpg 700w\" sizes=\"auto, (max-width: 400px) 100vw, 400px\" \/><\/p>\n<p data-start=\"392\" data-end=\"843\">Misiones es una de las provincias argentinas que permiten el juego online dentro de un sistema regulado por el Estado provincial. El organismo encargado de supervisar esta actividad es el <strong data-start=\"580\" data-end=\"658\">Instituto Provincial de Loter\u00eda y Casinos Sociedad del Estado (IPLyC S.E.)<\/strong>, que tiene la responsabilidad de organizar, fiscalizar y controlar todos los juegos de azar que se desarrollan dentro del territorio provincial.<\/p>\n<p data-start=\"845\" data-end=\"1213\">El marco normativo del sector se basa principalmente en la <strong data-start=\"904\" data-end=\"935\">Ley I N.\u00ba 113 (ex Ley 3643)<\/strong>, que establece que el IPLyC posee el monopolio de la organizaci\u00f3n, administraci\u00f3n, explotaci\u00f3n y control de todos los juegos de azar, apuestas mutuas, rifas, bingos, casinos y dem\u00e1s actividades conexas dentro de la provincia de Misiones.<\/p>\n<p data-start=\"1215\" data-end=\"1539\">Esto significa que cualquier actividad vinculada al juego ,incluyendo plataformas digitales, solo puede desarrollarse con <strong data-start=\"1337\" data-end=\"1376\">autorizaci\u00f3n expresa del IPLyC S.E.<\/strong>, ya que el organismo es el \u00fanico que puede otorgar permisos para la explotaci\u00f3n de juegos de azar en el \u00e1mbito provincial.<\/p>\n<p data-start=\"1541\" data-end=\"1883\">En relaci\u00f3n con el juego online, el sistema provincial fue evolucionando con el tiempo. En los primeros a\u00f1os se desarrollaron experiencias como <strong data-start=\"1685\" data-end=\"1698\">Misionbet<\/strong>, que funcionaron como antecedentes del juego digital en la provincia. Sin embargo, el ecosistema actual se orienta principalmente a plataformas autorizadas por el organismo provincial.<\/p>\n<p data-start=\"1885\" data-end=\"2172\">Actualmente, una de las referencias m\u00e1s visibles dentro del sistema regulado es <strong data-start=\"1965\" data-end=\"1977\">GuazuBet<\/strong>, plataforma de apuestas deportivas y casino online administrada bajo licencia del IPLyC y disponible para usuarios residentes en la provincia de Misiones.<\/p>\n<p data-start=\"2174\" data-end=\"2550\">Adem\u00e1s, en <strong data-start=\"2185\" data-end=\"2202\">julio de 2023<\/strong>, el IPLyC emiti\u00f3 la <strong data-start=\"2223\" data-end=\"2241\">Resoluci\u00f3n 231<\/strong>, que reforz\u00f3 las exigencias para la explotaci\u00f3n de juegos de azar en plataformas virtuales. Esta normativa establece que toda empresa que desee ofrecer apuestas digitales dentro de Misiones debe solicitar previamente el permiso correspondiente al organismo provincial. La primera etapa const\u00f3 del control de tragamonedas, mesas de pa\u00f1o y otros <a href=\"\/ar\/juegos\/\">juegos de casino online<\/a>, el formato fue un webinar impartido por las empresas proveedoras de software para los casinos; este seminario tambi\u00e9n fue impartido para los operadores de casinos. Actualmente est\u00e1n en operaci\u00f3n Casino Club, Divergana y GuazuBet.<\/p>\n<p data-start=\"2552\" data-end=\"2778\">En consecuencia, el juego online es legal en Misiones, pero \u00fanicamente cuando se desarrolla dentro del sistema autorizado por el IPLyC S.E., bajo las condiciones y requisitos establecidos por la legislaci\u00f3n provincial vigente.<\/p>\n<h2>\u00bfEs seguro jugar en casinos en l\u00ednea en Misiones?<\/h2>\n<p>S\u00ed, <strong>es posible jugar en los casinos internacionales y tambi\u00e9n los que tienen su sede en la provincia de Misiones<\/strong>. Jugar en cada uno de ellos es seguro, por eso es que se debe elegir con precauci\u00f3n y seguir consejos b\u00e1sicos.<\/p>\n<p>Si el casino cuenta con una licencia de la autoridad competente o de alg\u00fan pa\u00eds extranjero se puede jugar de manera segura, tambi\u00e9n es importante revisar que la pol\u00edtica de privacidad y los derechos del usuario est\u00e9n bien claros.<\/p>\n<p>Otro consejo que en <a href=\"\/ar\/\">Casino Alto<\/a> podemos aportar es la valoraci\u00f3n de los <a href=\"\/ar\/metodos-de-pago\/\">m\u00e9todos de pago aceptados en Misiones<\/a>: que tengan una buena atenci\u00f3n al cliente y que trabajen con la divisa que vayas a utilizar.<\/p>\n<p>Los casinos online que aqu\u00ed encontrar\u00e1s son seguros para los jugadores argentinos de Misiones, todos ellos han cumplido con los consejos que hemos aportado, inclusive con las <a href=\"\/ar\/bonos-de-bienvenida\/\">ofertas de bienvenida por primer dep\u00f3sito<\/a>.<\/p>\n<p>Si queres conocer c\u00f3mo est\u00e1 la situaci\u00f3n del juego online en otras provincias de Argentina, podes consultar los siguientes enlaces:<\/p>\n<ul id='listaArgProvinciasShort' class='tres-columnas dos-columnas'><li><a href='https:\/\/casinoalto.com\/ar\/buenos-aires\/' title='Buenos Aires'>Buenos Aires<\/a><\/li><li><a href='https:\/\/casinoalto.com\/ar\/catamarca\/' title='Catamarca'>Catamarca<\/a><\/li><li><a href='https:\/\/casinoalto.com\/ar\/chaco\/' title='Chaco'>Chaco<\/a><\/li><li><a href='https:\/\/casinoalto.com\/ar\/chubut\/' title='Chubut'>Chubut<\/a><\/li><li><a href='https:\/\/casinoalto.com\/ar\/cordoba\/' title='C\u00f3rdoba'>C\u00f3rdoba<\/a><\/li><li><a href='https:\/\/casinoalto.com\/ar\/corrientes\/' title='Corrientes'>Corrientes<\/a><\/li><li><a href='https:\/\/casinoalto.com\/ar\/entre-rios\/' title='Entre R\u00edos'>Entre R\u00edos<\/a><\/li><li><a href='https:\/\/casinoalto.com\/ar\/formosa\/' title='Formosa'>Formosa<\/a><\/li><li><a href='https:\/\/casinoalto.com\/ar\/jujuy\/' title='Jujuy'>Jujuy<\/a><\/li><li><a href='https:\/\/casinoalto.com\/ar\/la-pampa\/' title='La Pampa'>La Pampa<\/a><\/li><li><a href='https:\/\/casinoalto.com\/ar\/la-rioja\/' title='La Rioja'>La Rioja<\/a><\/li><li><a href='https:\/\/casinoalto.com\/ar\/mendoza\/' title='Mendoza'>Mendoza<\/a><\/li><li><a href='https:\/\/casinoalto.com\/ar\/neuquen\/' title='Neuqu\u00e9n'>Neuqu\u00e9n<\/a><\/li><li><a href='https:\/\/casinoalto.com\/ar\/rio-negro\/' title='R\u00edo Negro'>R\u00edo Negro<\/a><\/li><li><a href='https:\/\/casinoalto.com\/ar\/salta\/' title='Distrito De Salta'>Distrito De Salta<\/a><\/li><li><a href='https:\/\/casinoalto.com\/ar\/san-juan\/' title='San Juan'>San Juan<\/a><\/li><li><a href='https:\/\/casinoalto.com\/ar\/san-luis\/' title='San Luis'>San Luis<\/a><\/li><li><a href='https:\/\/casinoalto.com\/ar\/santa-cruz\/' title='Santa Cruz'>Santa Cruz<\/a><\/li><li><a href='https:\/\/casinoalto.com\/ar\/santa-fe\/' title='Santa Fe'>Santa Fe<\/a><\/li><li><a href='https:\/\/casinoalto.com\/ar\/santiago-del-estero\/' title='Santiago del Estero'>Santiago del Estero<\/a><\/li><li><a href='https:\/\/casinoalto.com\/ar\/tierra-del-fuego\/' title='Tierra del Fuego'>Tierra del Fuego<\/a><\/li><li><a href='https:\/\/casinoalto.com\/ar\/tucuman\/' title='Tucum\u00e1n'>Tucum\u00e1n<\/a><\/li><\/ul>\n","protected":false},"excerpt":{"rendered":"<p>La regulaci\u00f3n del juego online en Argentina es algo que todav\u00eda est\u00e1 lejos de ser un tema definido, pero hay algo muy particular en el pa\u00eds y es la\u00a0divisi\u00f3n que existe entre las provincias, lo cual hace que llegar a un acuerdo respecto al tema sea una situaci\u00f3n sumamente especial. Las delimitaciones provinciales marcan que, [&hellip;]<\/p>\n","protected":false},"author":11,"featured_media":0,"parent":0,"menu_order":0,"comment_status":"closed","ping_status":"closed","template":"estados.php","meta":{"_acf_changed":false,"footnotes":""},"class_list":["post-10058659","page","type-page","status-publish","hentry"],"acf":[],"rankMath":{"parentDomain":"casinoalto.com","noFollowDomains":[],"noFollowExcludeDomains":[],"noFollowExternalLinks":false,"featuredImageNotice":"La imagen destacada debe tener al menos 200 por 200 p\u00edxeles para que Facebook y otros sitios de redes sociales puedan escogerla.","pluginReviewed":false,"postSettings":{"linkSuggestions":true,"useFocusKeyword":false},"frontEndScore":false,"postName":"misiones","permalinkFormat":"https:\/\/casinoalto.com\/ar\/%pagename%\/","showLockModifiedDate":true,"assessor":{"focusKeywordLink":"https:\/\/casinoalto.com\/ar\/wp-admin\/edit.php?focus_keyword=%focus_keyword%&post_type=%post_type%","hasTOCPlugin":{"easy-table-of-contents\/easy-table-of-contents.php":"Easy Table of Contents"},"primaryTaxonomy":false,"serpData":{"title":"Casinos Online en Misiones","description":"","focusKeywords":"","pillarContent":false,"canonicalUrl":"","breadcrumbTitle":"","advancedRobots":{"max-snippet":"-1","max-video-preview":"-1","max-image-preview":"large"},"facebookTitle":"","facebookDescription":"","facebookImage":"","facebookImageID":"","facebookHasOverlay":false,"facebookImageOverlay":"play","facebookAuthor":"","twitterCardType":"summary_large_image","twitterUseFacebook":true,"twitterTitle":"","twitterDescription":"","twitterImage":"","twitterImageID":"","twitterHasOverlay":false,"twitterImageOverlay":"play","twitterPlayerUrl":"","twitterPlayerSize":"","twitterPlayerStream":"","twitterPlayerStreamCtype":"","twitterAppDescription":"","twitterAppIphoneName":"","twitterAppIphoneID":"","twitterAppIphoneUrl":"","twitterAppIpadName":"","twitterAppIpadID":"","twitterAppIpadUrl":"","twitterAppGoogleplayName":"","twitterAppGoogleplayID":"","twitterAppGoogleplayUrl":"","twitterAppCountry":"","robots":{"index":true},"twitterAuthor":"nombre de usuario","primaryTerm":0,"authorName":"Yael Rueda","titleTemplate":"%title% %sitename%","descriptionTemplate":"%excerpt%","showScoreFrontend":true,"lockModifiedDate":false},"powerWords":["incre\u00edble","asombroso","maravilloso","\u00fanico","hermoso","felicidad","brillante","cautivador","carism\u00e1tico","impactante","claro","completamente","confidencial","confianza","significativo","creativo","definitivamente","delicioso","demostrar","apres\u00farate","decidido","digno","din\u00e1mico","impresionante","esencial","inspirador","innovador","intenso","eficaz","m\u00e1gico","magn\u00edfico","hist\u00f3rico","importante","incre\u00edble","indispensable","inolvidable","irresistible","legendario","luminoso","lujo","m\u00e1gico","magn\u00edfico","majestuoso","memorable","maravilloso","milagroso","motivador","necesario","nuevo","oficial","perfecto","apasionado","persuasivo","fenomenal","placer","popular","poder","prestigioso","prodigioso","profundo","pr\u00f3spero","poderoso","calidad","radiante","r\u00e1pido","exitoso","revolucionario","satisfecho","seguridad","sensacional","sereno","suntuoso","espl\u00e9ndido","sublime","sorprendente","talentoso","terror\u00edfico","\u00fanico","valor","vibrante","victorioso","vivo","verdaderamente","celoso","aut\u00e9ntico","aventurero","espectacular","exclusivo","garantizado","extraordinario","fabuloso","fascinante","formidable","genial","grandioso","gratuito","h\u00e1bil","ilimitado","impecable","infalible","infinitamente","influyente","ingenioso","inolvidable","irremplazable","l\u00edder","maestro","notable","novedoso","pionero","poderoso","reconocido","revolucionario","sorprendente","superior","triunfante","ultra","valiente","valioso","vanguardista","vigoroso","visionario","voluntad","vital","triunfo","glorioso","imparable","inigualable","inteligente","invencible","libertad","orgullo","paz","progreso","renovado","sabidur\u00eda","satisfacci\u00f3n","seguro","serenidad","superaci\u00f3n","talento","transcendente","transformador","valent\u00eda","victoria"],"diacritics":{"A":"[\\u0041\\u24B6\\uFF21\\u00C0\\u00C1\\u00C2\\u1EA6\\u1EA4\\u1EAA\\u1EA8\\u00C3\\u0100\\u0102\\u1EB0\\u1EAE\\u1EB4\\u1EB2\\u0226\\u01E0\\u00C4\\u01DE\\u1EA2\\u00C5\\u01FA\\u01CD\\u0200\\u0202\\u1EA0\\u1EAC\\u1EB6\\u1E00\\u0104\\u023A\\u2C6F]","AA":"[\\uA732]","AE":"[\\u00C6\\u01FC\\u01E2]","AO":"[\\uA734]","AU":"[\\uA736]","AV":"[\\uA738\\uA73A]","AY":"[\\uA73C]","B":"[\\u0042\\u24B7\\uFF22\\u1E02\\u1E04\\u1E06\\u0243\\u0182\\u0181]","C":"[\\u0043\\u24B8\\uFF23\\u0106\\u0108\\u010A\\u010C\\u00C7\\u1E08\\u0187\\u023B\\uA73E]","D":"[\\u0044\\u24B9\\uFF24\\u1E0A\\u010E\\u1E0C\\u1E10\\u1E12\\u1E0E\\u0110\\u018B\\u018A\\u0189\\uA779]","DZ":"[\\u01F1\\u01C4]","Dz":"[\\u01F2\\u01C5]","E":"[\\u0045\\u24BA\\uFF25\\u00C8\\u00C9\\u00CA\\u1EC0\\u1EBE\\u1EC4\\u1EC2\\u1EBC\\u0112\\u1E14\\u1E16\\u0114\\u0116\\u00CB\\u1EBA\\u011A\\u0204\\u0206\\u1EB8\\u1EC6\\u0228\\u1E1C\\u0118\\u1E18\\u1E1A\\u0190\\u018E]","F":"[\\u0046\\u24BB\\uFF26\\u1E1E\\u0191\\uA77B]","G":"[\\u0047\\u24BC\\uFF27\\u01F4\\u011C\\u1E20\\u011E\\u0120\\u01E6\\u0122\\u01E4\\u0193\\uA7A0\\uA77D\\uA77E]","H":"[\\u0048\\u24BD\\uFF28\\u0124\\u1E22\\u1E26\\u021E\\u1E24\\u1E28\\u1E2A\\u0126\\u2C67\\u2C75\\uA78D]","I":"[\\u0049\\u24BE\\uFF29\\u00CC\\u00CD\\u00CE\\u0128\\u012A\\u012C\\u0130\\u00CF\\u1E2E\\u1EC8\\u01CF\\u0208\\u020A\\u1ECA\\u012E\\u1E2C\\u0197]","J":"[\\u004A\\u24BF\\uFF2A\\u0134\\u0248]","K":"[\\u004B\\u24C0\\uFF2B\\u1E30\\u01E8\\u1E32\\u0136\\u1E34\\u0198\\u2C69\\uA740\\uA742\\uA744\\uA7A2]","L":"[\\u004C\\u24C1\\uFF2C\\u013F\\u0139\\u013D\\u1E36\\u1E38\\u013B\\u1E3C\\u1E3A\\u0141\\u023D\\u2C62\\u2C60\\uA748\\uA746\\uA780]","LJ":"[\\u01C7]","Lj":"[\\u01C8]","M":"[\\u004D\\u24C2\\uFF2D\\u1E3E\\u1E40\\u1E42\\u2C6E\\u019C]","N":"[\\u004E\\u24C3\\uFF2E\\u01F8\\u0143\\u00D1\\u1E44\\u0147\\u1E46\\u0145\\u1E4A\\u1E48\\u0220\\u019D\\uA790\\uA7A4]","NJ":"[\\u01CA]","Nj":"[\\u01CB]","O":"[\\u004F\\u24C4\\uFF2F\\u00D2\\u00D3\\u00D4\\u1ED2\\u1ED0\\u1ED6\\u1ED4\\u00D5\\u1E4C\\u022C\\u1E4E\\u014C\\u1E50\\u1E52\\u014E\\u022E\\u0230\\u00D6\\u022A\\u1ECE\\u0150\\u01D1\\u020C\\u020E\\u01A0\\u1EDC\\u1EDA\\u1EE0\\u1EDE\\u1EE2\\u1ECC\\u1ED8\\u01EA\\u01EC\\u00D8\\u01FE\\u0186\\u019F\\uA74A\\uA74C]","OI":"[\\u01A2]","OO":"[\\uA74E]","OU":"[\\u0222]","P":"[\\u0050\\u24C5\\uFF30\\u1E54\\u1E56\\u01A4\\u2C63\\uA750\\uA752\\uA754]","Q":"[\\u0051\\u24C6\\uFF31\\uA756\\uA758\\u024A]","R":"[\\u0052\\u24C7\\uFF32\\u0154\\u1E58\\u0158\\u0210\\u0212\\u1E5A\\u1E5C\\u0156\\u1E5E\\u024C\\u2C64\\uA75A\\uA7A6\\uA782]","S":"[\\u0053\\u24C8\\uFF33\\u1E9E\\u015A\\u1E64\\u015C\\u1E60\\u0160\\u1E66\\u1E62\\u1E68\\u0218\\u015E\\u2C7E\\uA7A8\\uA784]","T":"[\\u0054\\u24C9\\uFF34\\u1E6A\\u0164\\u1E6C\\u021A\\u0162\\u1E70\\u1E6E\\u0166\\u01AC\\u01AE\\u023E\\uA786]","TZ":"[\\uA728]","U":"[\\u0055\\u24CA\\uFF35\\u00D9\\u00DA\\u00DB\\u0168\\u1E78\\u016A\\u1E7A\\u016C\\u00DC\\u01DB\\u01D7\\u01D5\\u01D9\\u1EE6\\u016E\\u0170\\u01D3\\u0214\\u0216\\u01AF\\u1EEA\\u1EE8\\u1EEE\\u1EEC\\u1EF0\\u1EE4\\u1E72\\u0172\\u1E76\\u1E74\\u0244]","V":"[\\u0056\\u24CB\\uFF36\\u1E7C\\u1E7E\\u01B2\\uA75E\\u0245]","VY":"[\\uA760]","W":"[\\u0057\\u24CC\\uFF37\\u1E80\\u1E82\\u0174\\u1E86\\u1E84\\u1E88\\u2C72]","X":"[\\u0058\\u24CD\\uFF38\\u1E8A\\u1E8C]","Y":"[\\u0059\\u24CE\\uFF39\\u1EF2\\u00DD\\u0176\\u1EF8\\u0232\\u1E8E\\u0178\\u1EF6\\u1EF4\\u01B3\\u024E\\u1EFE]","Z":"[\\u005A\\u24CF\\uFF3A\\u0179\\u1E90\\u017B\\u017D\\u1E92\\u1E94\\u01B5\\u0224\\u2C7F\\u2C6B\\uA762]","a":"[\\u0061\\u24D0\\uFF41\\u1E9A\\u00E0\\u00E1\\u00E2\\u1EA7\\u1EA5\\u1EAB\\u1EA9\\u00E3\\u0101\\u0103\\u1EB1\\u1EAF\\u1EB5\\u1EB3\\u0227\\u01E1\\u00E4\\u01DF\\u1EA3\\u00E5\\u01FB\\u01CE\\u0201\\u0203\\u1EA1\\u1EAD\\u1EB7\\u1E01\\u0105\\u2C65\\u0250]","aa":"[\\uA733]","ae":"[\\u00E6\\u01FD\\u01E3]","ao":"[\\uA735]","au":"[\\uA737]","av":"[\\uA739\\uA73B]","ay":"[\\uA73D]","b":"[\\u0062\\u24D1\\uFF42\\u1E03\\u1E05\\u1E07\\u0180\\u0183\\u0253]","c":"[\\u0063\\u24D2\\uFF43\\u0107\\u0109\\u010B\\u010D\\u00E7\\u1E09\\u0188\\u023C\\uA73F\\u2184]","d":"[\\u0064\\u24D3\\uFF44\\u1E0B\\u010F\\u1E0D\\u1E11\\u1E13\\u1E0F\\u0111\\u018C\\u0256\\u0257\\uA77A]","dz":"[\\u01F3\\u01C6]","e":"[\\u0065\\u24D4\\uFF45\\u00E8\\u00E9\\u00EA\\u1EC1\\u1EBF\\u1EC5\\u1EC3\\u1EBD\\u0113\\u1E15\\u1E17\\u0115\\u0117\\u00EB\\u1EBB\\u011B\\u0205\\u0207\\u1EB9\\u1EC7\\u0229\\u1E1D\\u0119\\u1E19\\u1E1B\\u0247\\u025B\\u01DD]","f":"[\\u0066\\u24D5\\uFF46\\u1E1F\\u0192\\uA77C]","g":"[\\u0067\\u24D6\\uFF47\\u01F5\\u011D\\u1E21\\u011F\\u0121\\u01E7\\u0123\\u01E5\\u0260\\uA7A1\\u1D79\\uA77F]","h":"[\\u0068\\u24D7\\uFF48\\u0125\\u1E23\\u1E27\\u021F\\u1E25\\u1E29\\u1E2B\\u1E96\\u0127\\u2C68\\u2C76\\u0265]","hv":"[\\u0195]","i":"[\\u0069\\u24D8\\uFF49\\u00EC\\u00ED\\u00EE\\u0129\\u012B\\u012D\\u00EF\\u1E2F\\u1EC9\\u01D0\\u0209\\u020B\\u1ECB\\u012F\\u1E2D\\u0268\\u0131]","j":"[\\u006A\\u24D9\\uFF4A\\u0135\\u01F0\\u0249]","k":"[\\u006B\\u24DA\\uFF4B\\u1E31\\u01E9\\u1E33\\u0137\\u1E35\\u0199\\u2C6A\\uA741\\uA743\\uA745\\uA7A3]","l":"[\\u006C\\u24DB\\uFF4C\\u0140\\u013A\\u013E\\u1E37\\u1E39\\u013C\\u1E3D\\u1E3B\\u017F\\u0142\\u019A\\u026B\\u2C61\\uA749\\uA781\\uA747]","lj":"[\\u01C9]","m":"[\\u006D\\u24DC\\uFF4D\\u1E3F\\u1E41\\u1E43\\u0271\\u026F]","n":"[\\u006E\\u24DD\\uFF4E\\u01F9\\u0144\\u00F1\\u1E45\\u0148\\u1E47\\u0146\\u1E4B\\u1E49\\u019E\\u0272\\u0149\\uA791\\uA7A5]","nj":"[\\u01CC]","o":"[\\u006F\\u24DE\\uFF4F\\u00F2\\u00F3\\u00F4\\u1ED3\\u1ED1\\u1ED7\\u1ED5\\u00F5\\u1E4D\\u022D\\u1E4F\\u014D\\u1E51\\u1E53\\u014F\\u022F\\u0231\\u00F6\\u022B\\u1ECF\\u0151\\u01D2\\u020D\\u020F\\u01A1\\u1EDD\\u1EDB\\u1EE1\\u1EDF\\u1EE3\\u1ECD\\u1ED9\\u01EB\\u01ED\\u00F8\\u01FF\\u0254\\uA74B\\uA74D\\u0275]","oi":"[\\u01A3]","ou":"[\\u0223]","oo":"[\\uA74F]","p":"[\\u0070\\u24DF\\uFF50\\u1E55\\u1E57\\u01A5\\u1D7D\\uA751\\uA753\\uA755]","q":"[\\u0071\\u24E0\\uFF51\\u024B\\uA757\\uA759]","r":"[\\u0072\\u24E1\\uFF52\\u0155\\u1E59\\u0159\\u0211\\u0213\\u1E5B\\u1E5D\\u0157\\u1E5F\\u024D\\u027D\\uA75B\\uA7A7\\uA783]","s":"[\\u0073\\u24E2\\uFF53\\u015B\\u1E65\\u015D\\u1E61\\u0161\\u1E67\\u1E63\\u1E69\\u0219\\u015F\\u023F\\uA7A9\\uA785\\u1E9B]","ss":"[\\u00DF]","t":"[\\u0074\\u24E3\\uFF54\\u1E6B\\u1E97\\u0165\\u1E6D\\u021B\\u0163\\u1E71\\u1E6F\\u0167\\u01AD\\u0288\\u2C66\\uA787]","tz":"[\\uA729]","u":"[\\u0075\\u24E4\\uFF55\\u00F9\\u00FA\\u00FB\\u0169\\u1E79\\u016B\\u1E7B\\u016D\\u00FC\\u01DC\\u01D8\\u01D6\\u01DA\\u1EE7\\u016F\\u0171\\u01D4\\u0215\\u0217\\u01B0\\u1EEB\\u1EE9\\u1EEF\\u1EED\\u1EF1\\u1EE5\\u1E73\\u0173\\u1E77\\u1E75\\u0289]","v":"[\\u0076\\u24E5\\uFF56\\u1E7D\\u1E7F\\u028B\\uA75F\\u028C]","vy":"[\\uA761]","w":"[\\u0077\\u24E6\\uFF57\\u1E81\\u1E83\\u0175\\u1E87\\u1E85\\u1E98\\u1E89\\u2C73]","x":"[\\u0078\\u24E7\\uFF58\\u1E8B\\u1E8D]","y":"[\\u0079\\u24E8\\uFF59\\u1EF3\\u00FD\\u0177\\u1EF9\\u0233\\u1E8F\\u00FF\\u1EF7\\u1E99\\u1EF5\\u01B4\\u024F\\u1EFF]","z":"[\\u007A\\u24E9\\uFF5A\\u017A\\u1E91\\u017C\\u017E\\u1E93\\u1E95\\u01B6\\u0225\\u0240\\u2C6C\\uA763]"},"researchesTests":["contentHasTOC","contentHasShortParagraphs","contentHasAssets","keywordInTitle","keywordInMetaDescription","keywordInPermalink","keywordIn10Percent","keywordInContent","keywordInSubheadings","keywordInImageAlt","keywordDensity","keywordNotUsed","lengthContent","lengthPermalink","linksHasInternal","linksHasExternals","linksNotAllExternals","titleStartWithKeyword","titleSentiment","titleHasPowerWords","titleHasNumber","hasContentAI"],"hasRedirection":true,"hasBreadcrumb":true},"homeUrl":"https:\/\/casinoalto.com\/ar","objectID":10058659,"objectType":"post","locale":"es","localeFull":"es_AR","overlayImages":{"play":{"name":"Icono de reproducci\u00f3n","url":"https:\/\/casinoalto.com\/ar\/wp-content\/plugins\/seo-by-rank-math\/assets\/admin\/img\/icon-play.png","path":"\/home\/casinoal\/public_html\/wp-content\/plugins\/seo-by-rank-math\/assets\/admin\/img\/icon-play.png","position":"middle_center"},"gif":{"name":"Icono GIF","url":"https:\/\/casinoalto.com\/ar\/wp-content\/plugins\/seo-by-rank-math\/assets\/admin\/img\/icon-gif.png","path":"\/home\/casinoal\/public_html\/wp-content\/plugins\/seo-by-rank-math\/assets\/admin\/img\/icon-gif.png","position":"middle_center"}},"defautOgImage":"https:\/\/casinoalto.com\/ar\/wp-content\/plugins\/seo-by-rank-math\/assets\/admin\/img\/social-placeholder.jpg","customPermalinks":true,"isUserRegistered":false,"autoSuggestKeywords":false,"connectSiteUrl":"https:\/\/rankmath.com\/auth?site=https%3A%2F%2Fcasinoalto.com%2Far&r=https%3A%2F%2Fcasinoalto.com%2Far%2Fwp-json%2Fwp%2Fv2%2Fpages%2F10058659%2F%3Fnonce%3Da1021de295","maxTags":5,"trendsIcon":"<svg viewBox=\"0 0 610 610\"><path d=\"M18.85,446,174.32,290.48l58.08,58.08L76.93,504a14.54,14.54,0,0,1-20.55,0L18.83,466.48a14.54,14.54,0,0,1,0-20.55Z\" style=\"fill:#4285f4\"\/><path d=\"M242.65,242.66,377.59,377.6l-47.75,47.75a14.54,14.54,0,0,1-20.55,0L174.37,290.43l47.75-47.75A14.52,14.52,0,0,1,242.65,242.66Z\" style=\"fill:#ea4335\"\/><polygon points=\"319.53 319.53 479.26 159.8 537.34 217.88 377.61 377.62 319.53 319.53\" style=\"fill:#fabb05\"\/><path d=\"M594.26,262.73V118.61h0a16.94,16.94,0,0,0-16.94-16.94H433.2a16.94,16.94,0,0,0-12,28.92L565.34,274.71h0a16.94,16.94,0,0,0,28.92-12Z\" style=\"fill:#34a853\"\/><rect width=\"610\" height=\"610\" style=\"fill:none\"\/><\/svg>","showScore":true,"siteFavIcon":"https:\/\/casinoalto.com\/ar\/wp-content\/uploads\/sites\/2\/2023\/10\/Casino-Alto-Favicon-1-24x24.webp","canUser":{"general":false,"advanced":false,"snippet":false,"social":false,"analysis":false,"analytics":false,"content_ai":false},"showKeywordIntent":true,"isPro":false,"is_front_page":false,"trendsUpgradeLink":"https:\/\/rankmath.com\/pricing\/?utm_source=Plugin&utm_medium=CE%20General%20Tab%20Trends&utm_campaign=WP","trendsUpgradeLabel":"Actualizar","trendsPreviewImage":"https:\/\/casinoalto.com\/ar\/wp-content\/plugins\/seo-by-rank-math\/assets\/admin\/img\/trends-preview.jpg","currentEditor":false,"homepageData":{"assessor":{"powerWords":["incre\u00edble","asombroso","maravilloso","\u00fanico","hermoso","felicidad","brillante","cautivador","carism\u00e1tico","impactante","claro","completamente","confidencial","confianza","significativo","creativo","definitivamente","delicioso","demostrar","apres\u00farate","decidido","digno","din\u00e1mico","impresionante","esencial","inspirador","innovador","intenso","eficaz","m\u00e1gico","magn\u00edfico","hist\u00f3rico","importante","incre\u00edble","indispensable","inolvidable","irresistible","legendario","luminoso","lujo","m\u00e1gico","magn\u00edfico","majestuoso","memorable","maravilloso","milagroso","motivador","necesario","nuevo","oficial","perfecto","apasionado","persuasivo","fenomenal","placer","popular","poder","prestigioso","prodigioso","profundo","pr\u00f3spero","poderoso","calidad","radiante","r\u00e1pido","exitoso","revolucionario","satisfecho","seguridad","sensacional","sereno","suntuoso","espl\u00e9ndido","sublime","sorprendente","talentoso","terror\u00edfico","\u00fanico","valor","vibrante","victorioso","vivo","verdaderamente","celoso","aut\u00e9ntico","aventurero","espectacular","exclusivo","garantizado","extraordinario","fabuloso","fascinante","formidable","genial","grandioso","gratuito","h\u00e1bil","ilimitado","impecable","infalible","infinitamente","influyente","ingenioso","inolvidable","irremplazable","l\u00edder","maestro","notable","novedoso","pionero","poderoso","reconocido","revolucionario","sorprendente","superior","triunfante","ultra","valiente","valioso","vanguardista","vigoroso","visionario","voluntad","vital","triunfo","glorioso","imparable","inigualable","inteligente","invencible","libertad","orgullo","paz","progreso","renovado","sabidur\u00eda","satisfacci\u00f3n","seguro","serenidad","superaci\u00f3n","talento","transcendente","transformador","valent\u00eda","victoria"],"diacritics":true,"researchesTests":["contentHasTOC","contentHasShortParagraphs","contentHasAssets","keywordInTitle","keywordInMetaDescription","keywordInPermalink","keywordIn10Percent","keywordInContent","keywordInSubheadings","keywordInImageAlt","keywordDensity","keywordNotUsed","lengthContent","lengthPermalink","linksHasInternal","linksHasExternals","linksNotAllExternals","titleStartWithKeyword","titleSentiment","titleHasPowerWords","titleHasNumber","hasContentAI"],"hasBreadcrumb":true,"serpData":{"title":"%sitename% %page% %sep% %sitedesc%","description":"","titleTemplate":"%sitename% %page% %sep% %sitedesc%","descriptionTemplate":"","focusKeywords":"","breadcrumbTitle":"Casino Alto Argentina","robots":{"index":true},"advancedRobots":{"max-snippet":"-1","max-video-preview":"-1","max-image-preview":"large"},"facebookTitle":"","facebookDescription":"","facebookImage":"","facebookImageID":""}}},"tocTitle":"Table of Contents","tocExcludeHeadings":[],"listStyle":"ul"},"_links":{"self":[{"href":"https:\/\/casinoalto.com\/ar\/wp-json\/wp\/v2\/pages\/10058659","targetHints":{"allow":["GET"]}}],"collection":[{"href":"https:\/\/casinoalto.com\/ar\/wp-json\/wp\/v2\/pages"}],"about":[{"href":"https:\/\/casinoalto.com\/ar\/wp-json\/wp\/v2\/types\/page"}],"author":[{"embeddable":true,"href":"https:\/\/casinoalto.com\/ar\/wp-json\/wp\/v2\/users\/11"}],"replies":[{"embeddable":true,"href":"https:\/\/casinoalto.com\/ar\/wp-json\/wp\/v2\/comments?post=10058659"}],"version-history":[{"count":22,"href":"https:\/\/casinoalto.com\/ar\/wp-json\/wp\/v2\/pages\/10058659\/revisions"}],"predecessor-version":[{"id":10062086,"href":"https:\/\/casinoalto.com\/ar\/wp-json\/wp\/v2\/pages\/10058659\/revisions\/10062086"}],"wp:attachment":[{"href":"https:\/\/casinoalto.com\/ar\/wp-json\/wp\/v2\/media?parent=10058659"}],"curies":[{"name":"wp","href":"https:\/\/api.w.org\/{rel}","templated":true}]}}