{"id":135264,"date":"2017-10-16T14:37:12","date_gmt":"2017-10-16T14:37:12","guid":{"rendered":"https:\/\/casinoalto.com\/br\/?page_id=135264"},"modified":"2017-10-16T14:37:12","modified_gmt":"2017-10-16T14:37:12","slug":"aviso-legal","status":"publish","type":"page","link":"https:\/\/casinoalto.com\/br\/aviso-legal\/","title":{"rendered":"Aviso legal"},"content":{"rendered":"<p><strong>Primeiro (Dados identificativos da empresa titular do site): <\/strong>O titular do dom\u00ednio e do site <a href=\"\/br\/\">\/br\/<\/a> \u00e9 uma empresa brit\u00e2nica chamada Leon Digital Marketing Ltd., com sede em 310 Stafford Road, Croydon, Surrey, Reino Unido, CR0 4NH, que est\u00e1 registrado com o n\u00famero de empresa 10699118 na Companies House com n\u00famero de VAT GB270922603, a partir de agora <strong>CASINOALTO<\/strong>.<\/p>\n<p>Para entrar em contato de maneira direta e efetiva com o CASINOALTO, \u00e9 poss\u00edvel enviar um e-mail para <a href=\"mailto:contacto@casinoalto.com\">contacto@casinoalto.com<\/a>.<\/p>\n<p><strong>Segundo (Usu\u00e1rio):<\/strong> Qualquer pessoa que acessa e navega neste site est\u00e1 a par da condi\u00e7\u00e3o de usu\u00e1rio, com tal acesso e posterior navega\u00e7\u00e3o sujeito aos presentes termos de uso, n\u00e3o exigindo em nenhum caso formalizar nenhum tipo de registro para utilizar o site.<\/p>\n<p>N\u00e3o obstante o exposto acima, o usu\u00e1rio pode assinar o newsletter ou deixar algum coment\u00e1rio com o intuito de proporcionar os dados pessoais solicitados no formul\u00e1rio em quest\u00e3o, uma vez que ele tenha lido e, se estiver satisfeito, aceito a pol\u00edtica de privacidade.<\/p>\n<p><strong>Terceiro (Finalidade do site):<\/strong> Este site \u00e9 destinado para usu\u00e1rios maiores de idade (pelo menos 18 anos), para interessados em obter informa\u00e7\u00e3o ou contratar os servi\u00e7os de an\u00fancios publicados no site.<\/p>\n<p>SE \u00c9 MENOR DE IDADE, VOC\u00ca DEVE ABANDONAR O SITE IMEDIATAMENTE.<\/p>\n<p>O CASINOALTO promove, atrav\u00e9s de links afiliados disponibilizados no site, p\u00e1ginas dedicadas ao jogo online, cujos propriet\u00e1rios s\u00e3o operadores com licen\u00e7a e podem organizar e comercializar tais atividades.<\/p>\n<p>Os propriet\u00e1rios destes sites de jogos online contrataram os servi\u00e7os pelo CASINOALTO para a promo\u00e7\u00e3o ou difus\u00e3o publicit\u00e1ria de seus produtos e\/ou servi\u00e7os, de forma direta ou indireta, atrav\u00e9s de plataformas de afilia\u00e7\u00e3o. Portanto, o usu\u00e1rio \u00e9 avisado que o site CASINOALTO n\u00e3o \u00e9 uma compara\u00e7\u00e3o entre sites de jogos online, e sim um espa\u00e7o no qual apenas as p\u00e1ginas que contrataram os servi\u00e7os do CASINOALTO s\u00e3o anunciadas.<\/p>\n<p><strong>Quarto (Advert\u00eancias legais):<\/strong> A utiliza\u00e7\u00e3o do site \u00e9 totalmente gratuita para o usu\u00e1rio. O usu\u00e1rio reconhece e aceita que o uso dos conte\u00fados oferecidos pelo site \u00e9 por sua conta e risco.<\/p>\n<p>O usu\u00e1rio ser\u00e1 redirecionado em todo caso para os sites de jogos online das operadoras autorizadas, sem a participa\u00e7\u00e3o do CASINOALTO em qualquer situa\u00e7\u00e3o na contrata\u00e7\u00e3o dos produtos e\/ou servi\u00e7os anunciados que, caso o usu\u00e1rio fizer, exonera o CASINOALTO de qualquer responsabilidade.<\/p>\n<p>\u00c9 recomendado o usu\u00e1rio confirmar e\/ou verificar os termos e condi\u00e7\u00f5es ofertadas por cada uma das operadoras autorizadas.<\/p>\n<p><strong>Quinto (Uso do site):<\/strong> O usu\u00e1rio se compromete a fazer uso adequado dos conte\u00fados e da informa\u00e7\u00e3o que o CASINOALTO oferece no site e com car\u00e1ter enunciativo, mas n\u00e3o limitativo:<\/p>\n<ol>\n<li>A) N\u00e3o se envolver em atividades que sejam ilegais ou contr\u00e1rias \u00e0 boa f\u00e9 a \u00e0 ordem p\u00fablica;<\/li>\n<li>B) N\u00e3o divulgar conte\u00fado ou propaganda de natureza racista, xenof\u00f3bica, pornografia ilegal, de apologia ao terrorismo ou contra os direitos humanos;<\/li>\n<li>C) N\u00e3o causar danos aos sistemas f\u00edsicos (hardwares) e l\u00f3gicos (softwares) do CASINOALTO, de seus fornecedores ou terceiros, para introduzir ou disseminar v\u00edrus inform\u00e1ticos ou quaisquer outros sistemas de hardware ou software que sejam capazes de causar danos anteriormente mencionados.<\/li>\n<\/ol>\n<p>Para os usu\u00e1rios dispostos a participarem do site, o CASINOALTO se reserva no direito de retirar todos os coment\u00e1rios e contribui\u00e7\u00f5es que sejam ilegais ou que violam o respeito pela dignidade da pessoa, que sejam discriminat\u00f3rios, xenof\u00f3bicos, racistas, pornogr\u00e1ficos que atentam contra a juventude ou inf\u00e2ncia, ordem ou seguran\u00e7a p\u00fablica ou que, na opini\u00e3o do CASINOALTO, n\u00e3o s\u00e3o adequados para publica\u00e7\u00e3o.<\/p>\n<p><strong>Sexto (Propriedade intelectual e industrial):<\/strong> Textos, imagens, logos, logotipos, sinais distintivos, sons, anima\u00e7\u00f5es, v\u00eddeos, c\u00f3digo-fonte e outros conte\u00fados inclu\u00eddos no site s\u00e3o de propriedades do CASINOALTO, que disp\u00f5e do direito de us\u00e1-los e explor\u00e1-los, e em tal sentido, s\u00e3o protegidos pela legisla\u00e7\u00e3o de propriedade intelectual e industrial em vigor.<\/p>\n<p>\u00c9 expressamente proibido fazer qualquer altera\u00e7\u00e3o nesta p\u00e1gina. O CASINOALTO n\u00e3o assume nenhuma responsabilidade que possa advir de adultera\u00e7\u00e3o n\u00e3o autorizada. \u00c9 proibido qualquer forma de reprodu\u00e7\u00e3o total ou parcial, transmiss\u00e3o, distribui\u00e7\u00e3o ou armazenamento dos conte\u00fados deste site sem autoriza\u00e7\u00e3o expressa do CASINOALTO. Fica anunciado desde este momento e no caso de descumprimento dos termos acima o exerc\u00edcio das a\u00e7\u00f5es legais em defesa dos direitos leg\u00edtimos que possam corresponder.<\/p>\n<p>O CASINOALTO n\u00e3o concede qualquer licen\u00e7a ou autoriza\u00e7\u00e3o de uso de qualquer tipo sobre seus direitos de propriedade intelectual e industrial ou sobre qualquer outro direito relacionado ao site, aos servi\u00e7os ou aos conte\u00fados do mesmo.<\/p>\n<p>A fim de preservar os poss\u00edveis direitos de propriedade intelectual ou industrial, no caso de qualquer usu\u00e1rio ou terceiro que considere que uma viola\u00e7\u00e3o de seus direitos leg\u00edtimos ocorreu devido \u00e0 introdu\u00e7\u00e3o de determinados conte\u00fados no site, eles devem notificar o CASINOALTO em tal circunst\u00e2ncia, mediante e-mail para <a href=\"mailto:contacto@casinoalto.com\">contacto@casinoalto.com<\/a>, indicando os dados da parte interessada dos direitos alegadamente violados, os conte\u00fados protegidos por direitos de propriedade intelectual e industrial, bem como sua localiza\u00e7\u00e3o no site, al\u00e9m da acredita\u00e7\u00e3o dos referidos direitos de propriedade industrial e intelectual e a declara\u00e7\u00e3o de que a parte interessada se responsabiliza pela veracidade das informa\u00e7\u00f5es fornecidas na referida notifica\u00e7\u00e3o.<\/p>\n<p>A legitimidade dos direitos de propriedade intelectual ou industrial correspondente ao conte\u00fado fornecido por terceiros \u00e9 de responsabilidade exclusiva dos mesmos.<\/p>\n<p><strong>S\u00e9timo (Pol\u00edtica de link):<\/strong><\/p>\n<p><strong>7.1 Links de outros sites:<\/strong> Se o usu\u00e1rio pretende incluir um link referente a qualquer uma das p\u00e1ginas do CASINOALTO em alguma p\u00e1gina web, fica expressamente proibido: estabelecimento de deep-links, links IMG ou imagens e frames com o site do CASINOALTO; a reprodu\u00e7\u00e3o total ou parcial de qualquer um dos servi\u00e7os e\/ou conte\u00fados do CASINOALTO; a realiza\u00e7\u00e3o de qualquer declara\u00e7\u00e3o falsa, imprecisa, incompleta ou incorreta sobre o CASINOALTO.<\/p>\n<p>Com exce\u00e7\u00e3o dos s\u00edmbolos alfanum\u00e9ricos que fazem parte do hyperlink, a p\u00e1gina web n\u00e3o pode ter nenhuma marca, nome comercial, r\u00f3tulo, nome, logotipo, slogan ou outros sinais distintivos pertencentes ao CASINOALTO \u2014 salva autoriza\u00e7\u00e3o expressa da mesma.<\/p>\n<p>Em nenhum caso o estabelecimento do hyperlink implicar\u00e1 na exist\u00eancia de rela\u00e7\u00f5es entre o CASINOALTO e o titular da p\u00e1gina da web a partir do qual \u00e9 feito, nem o conhecimento e aceita\u00e7\u00e3o do CASINOALTO dos servi\u00e7os oferecidos no referente site ou portal.<\/p>\n<p>O CASINOALTO n\u00e3o ser\u00e1 respons\u00e1vel pelos conte\u00fados ou servi\u00e7os disponibilizados ao p\u00fablico na p\u00e1gina ou portal da qual tenha algum hyperlink que remeta a p\u00e1gina do CASINOALTO.<\/p>\n<p><strong>7.2 Links para outros sites:<\/strong> Para prop\u00f3sito promocional ou publicit\u00e1rio acordado anteriormente, s\u00e3o disponibilizados aos usu\u00e1rios conex\u00f5es e links para outros sites gerenciados e controlados por terceiros. O CASINOALTO n\u00e3o dirige, n\u00e3o controla previamente e n\u00e3o possui os conte\u00fados, servi\u00e7os, informa\u00e7\u00f5es e declara\u00e7\u00f5es dispon\u00edveis nos referidos sites. O CASINOALTO n\u00e3o assume nenhum tipo de responsabilidade, nem de forma indireta ou subsidiaria, pelos danos de qualquer esp\u00e9cie que possam surgir de acesso, manuten\u00e7\u00e3o, uso, qualidade, legalidade, confiabilidade, utilidade dos conte\u00fados, informa\u00e7\u00f5es, comunica\u00e7\u00f5es, opini\u00f5es, manifesta\u00e7\u00f5es, produtos e servi\u00e7os existentes ou oferecidos nos sites n\u00e3o gerenciados pelo CASINOALTO que s\u00e3o acessados atrav\u00e9s do mesmo.<\/p>\n<p><strong>Oitavo (Direito de exclus\u00e3o):<\/strong> O CASINOALTO se reserva no direito de negar ou retirar o acesso ao portal e\/ou aos servi\u00e7os oferecidos sem aviso pr\u00e9vio, a pedido pr\u00f3prio ou de terceiros, aos usu\u00e1rios que violarem os termos de uso, sem preju\u00edzo do exerc\u00edcio de a\u00e7\u00f5es legais que possam corresponder em defesa de seus leg\u00edtimos interesses.<\/p>\n<p><strong>Nono (Modifica\u00e7\u00e3o das presentes condi\u00e7\u00f5es e dura\u00e7\u00e3o):<\/strong> O CASINOALTO poder\u00e1 modificar a qualquer momento estes termos de uso, sendo devidamente publicados como est\u00e3o aqui. A vig\u00eancia das citadas condi\u00e7\u00f5es ser\u00e1 baseada em sua exposi\u00e7\u00e3o e estar\u00e1 em vigor at\u00e9 que as condi\u00e7\u00f5es sejam modificadas por outras devidamente publicadas.<\/p>\n","protected":false},"excerpt":{"rendered":"<p>Primeiro (Dados identificativos da empresa titular do site): O titular do dom\u00ednio e do site \/br\/ \u00e9 uma empresa brit\u00e2nica chamada Leon Digital Marketing Ltd., com sede em 310 Stafford Road, Croydon, Surrey, Reino Unido, CR0 4NH, que est\u00e1 registrado com o n\u00famero de empresa 10699118 na Companies House com n\u00famero de VAT GB270922603, a [&hellip;]<\/p>\n","protected":false},"author":1,"featured_media":0,"parent":0,"menu_order":0,"comment_status":"closed","ping_status":"closed","template":"","meta":{"_acf_changed":false,"footnotes":""},"class_list":["post-135264","page","type-page","status-publish","hentry"],"acf":[],"rankMath":{"parentDomain":"casinoalto.com","noFollowDomains":[],"noFollowExcludeDomains":[],"noFollowExternalLinks":false,"featuredImageNotice":"A imagem destacada deve ter pelo menos 200 por 200 pixels para ser reconhecida pelo Facebook e outros sites de m\u00eddia social.","pluginReviewed":false,"postSettings":{"linkSuggestions":true,"useFocusKeyword":false},"frontEndScore":false,"postName":"aviso-legal","permalinkFormat":"https:\/\/casinoalto.com\/br\/%pagename%\/","showLockModifiedDate":true,"assessor":{"focusKeywordLink":"https:\/\/casinoalto.com\/br\/wp-admin\/edit.php?focus_keyword=%focus_keyword%&post_type=%post_type%","hasTOCPlugin":{"easy-table-of-contents\/easy-table-of-contents.php":"Easy Table of Contents"},"primaryTaxonomy":false,"serpData":{"title":"","description":"","focusKeywords":"","pillarContent":false,"canonicalUrl":"","breadcrumbTitle":"","advancedRobots":{"max-snippet":"-1","max-video-preview":"-1","max-image-preview":"large"},"facebookTitle":"","facebookDescription":"","facebookImage":"","facebookImageID":"","facebookHasOverlay":false,"facebookImageOverlay":"play","facebookAuthor":"","twitterCardType":"summary_large_image","twitterUseFacebook":true,"twitterTitle":"","twitterDescription":"","twitterImage":"","twitterImageID":"","twitterHasOverlay":false,"twitterImageOverlay":"play","twitterPlayerUrl":"","twitterPlayerSize":"","twitterPlayerStream":"","twitterPlayerStreamCtype":"","twitterAppDescription":"","twitterAppIphoneName":"","twitterAppIphoneID":"","twitterAppIphoneUrl":"","twitterAppIpadName":"","twitterAppIpadID":"","twitterAppIpadUrl":"","twitterAppGoogleplayName":"","twitterAppGoogleplayID":"","twitterAppGoogleplayUrl":"","twitterAppCountry":"","robots":{"noindex":true},"twitterAuthor":"nome de usu\u00e1rio","primaryTerm":0,"authorName":"Editor en Jefe","titleTemplate":"%title% %sitename%","descriptionTemplate":"%excerpt%","showScoreFrontend":true,"lockModifiedDate":false},"powerWords":[],"diacritics":{"A":"[\\u0041\\u24B6\\uFF21\\u00C0\\u00C1\\u00C2\\u1EA6\\u1EA4\\u1EAA\\u1EA8\\u00C3\\u0100\\u0102\\u1EB0\\u1EAE\\u1EB4\\u1EB2\\u0226\\u01E0\\u00C4\\u01DE\\u1EA2\\u00C5\\u01FA\\u01CD\\u0200\\u0202\\u1EA0\\u1EAC\\u1EB6\\u1E00\\u0104\\u023A\\u2C6F]","AA":"[\\uA732]","AE":"[\\u00C6\\u01FC\\u01E2]","AO":"[\\uA734]","AU":"[\\uA736]","AV":"[\\uA738\\uA73A]","AY":"[\\uA73C]","B":"[\\u0042\\u24B7\\uFF22\\u1E02\\u1E04\\u1E06\\u0243\\u0182\\u0181]","C":"[\\u0043\\u24B8\\uFF23\\u0106\\u0108\\u010A\\u010C\\u00C7\\u1E08\\u0187\\u023B\\uA73E]","D":"[\\u0044\\u24B9\\uFF24\\u1E0A\\u010E\\u1E0C\\u1E10\\u1E12\\u1E0E\\u0110\\u018B\\u018A\\u0189\\uA779]","DZ":"[\\u01F1\\u01C4]","Dz":"[\\u01F2\\u01C5]","E":"[\\u0045\\u24BA\\uFF25\\u00C8\\u00C9\\u00CA\\u1EC0\\u1EBE\\u1EC4\\u1EC2\\u1EBC\\u0112\\u1E14\\u1E16\\u0114\\u0116\\u00CB\\u1EBA\\u011A\\u0204\\u0206\\u1EB8\\u1EC6\\u0228\\u1E1C\\u0118\\u1E18\\u1E1A\\u0190\\u018E]","F":"[\\u0046\\u24BB\\uFF26\\u1E1E\\u0191\\uA77B]","G":"[\\u0047\\u24BC\\uFF27\\u01F4\\u011C\\u1E20\\u011E\\u0120\\u01E6\\u0122\\u01E4\\u0193\\uA7A0\\uA77D\\uA77E]","H":"[\\u0048\\u24BD\\uFF28\\u0124\\u1E22\\u1E26\\u021E\\u1E24\\u1E28\\u1E2A\\u0126\\u2C67\\u2C75\\uA78D]","I":"[\\u0049\\u24BE\\uFF29\\u00CC\\u00CD\\u00CE\\u0128\\u012A\\u012C\\u0130\\u00CF\\u1E2E\\u1EC8\\u01CF\\u0208\\u020A\\u1ECA\\u012E\\u1E2C\\u0197]","J":"[\\u004A\\u24BF\\uFF2A\\u0134\\u0248]","K":"[\\u004B\\u24C0\\uFF2B\\u1E30\\u01E8\\u1E32\\u0136\\u1E34\\u0198\\u2C69\\uA740\\uA742\\uA744\\uA7A2]","L":"[\\u004C\\u24C1\\uFF2C\\u013F\\u0139\\u013D\\u1E36\\u1E38\\u013B\\u1E3C\\u1E3A\\u0141\\u023D\\u2C62\\u2C60\\uA748\\uA746\\uA780]","LJ":"[\\u01C7]","Lj":"[\\u01C8]","M":"[\\u004D\\u24C2\\uFF2D\\u1E3E\\u1E40\\u1E42\\u2C6E\\u019C]","N":"[\\u004E\\u24C3\\uFF2E\\u01F8\\u0143\\u00D1\\u1E44\\u0147\\u1E46\\u0145\\u1E4A\\u1E48\\u0220\\u019D\\uA790\\uA7A4]","NJ":"[\\u01CA]","Nj":"[\\u01CB]","O":"[\\u004F\\u24C4\\uFF2F\\u00D2\\u00D3\\u00D4\\u1ED2\\u1ED0\\u1ED6\\u1ED4\\u00D5\\u1E4C\\u022C\\u1E4E\\u014C\\u1E50\\u1E52\\u014E\\u022E\\u0230\\u00D6\\u022A\\u1ECE\\u0150\\u01D1\\u020C\\u020E\\u01A0\\u1EDC\\u1EDA\\u1EE0\\u1EDE\\u1EE2\\u1ECC\\u1ED8\\u01EA\\u01EC\\u00D8\\u01FE\\u0186\\u019F\\uA74A\\uA74C]","OI":"[\\u01A2]","OO":"[\\uA74E]","OU":"[\\u0222]","P":"[\\u0050\\u24C5\\uFF30\\u1E54\\u1E56\\u01A4\\u2C63\\uA750\\uA752\\uA754]","Q":"[\\u0051\\u24C6\\uFF31\\uA756\\uA758\\u024A]","R":"[\\u0052\\u24C7\\uFF32\\u0154\\u1E58\\u0158\\u0210\\u0212\\u1E5A\\u1E5C\\u0156\\u1E5E\\u024C\\u2C64\\uA75A\\uA7A6\\uA782]","S":"[\\u0053\\u24C8\\uFF33\\u1E9E\\u015A\\u1E64\\u015C\\u1E60\\u0160\\u1E66\\u1E62\\u1E68\\u0218\\u015E\\u2C7E\\uA7A8\\uA784]","T":"[\\u0054\\u24C9\\uFF34\\u1E6A\\u0164\\u1E6C\\u021A\\u0162\\u1E70\\u1E6E\\u0166\\u01AC\\u01AE\\u023E\\uA786]","TZ":"[\\uA728]","U":"[\\u0055\\u24CA\\uFF35\\u00D9\\u00DA\\u00DB\\u0168\\u1E78\\u016A\\u1E7A\\u016C\\u00DC\\u01DB\\u01D7\\u01D5\\u01D9\\u1EE6\\u016E\\u0170\\u01D3\\u0214\\u0216\\u01AF\\u1EEA\\u1EE8\\u1EEE\\u1EEC\\u1EF0\\u1EE4\\u1E72\\u0172\\u1E76\\u1E74\\u0244]","V":"[\\u0056\\u24CB\\uFF36\\u1E7C\\u1E7E\\u01B2\\uA75E\\u0245]","VY":"[\\uA760]","W":"[\\u0057\\u24CC\\uFF37\\u1E80\\u1E82\\u0174\\u1E86\\u1E84\\u1E88\\u2C72]","X":"[\\u0058\\u24CD\\uFF38\\u1E8A\\u1E8C]","Y":"[\\u0059\\u24CE\\uFF39\\u1EF2\\u00DD\\u0176\\u1EF8\\u0232\\u1E8E\\u0178\\u1EF6\\u1EF4\\u01B3\\u024E\\u1EFE]","Z":"[\\u005A\\u24CF\\uFF3A\\u0179\\u1E90\\u017B\\u017D\\u1E92\\u1E94\\u01B5\\u0224\\u2C7F\\u2C6B\\uA762]","a":"[\\u0061\\u24D0\\uFF41\\u1E9A\\u00E0\\u00E1\\u00E2\\u1EA7\\u1EA5\\u1EAB\\u1EA9\\u00E3\\u0101\\u0103\\u1EB1\\u1EAF\\u1EB5\\u1EB3\\u0227\\u01E1\\u00E4\\u01DF\\u1EA3\\u00E5\\u01FB\\u01CE\\u0201\\u0203\\u1EA1\\u1EAD\\u1EB7\\u1E01\\u0105\\u2C65\\u0250]","aa":"[\\uA733]","ae":"[\\u00E6\\u01FD\\u01E3]","ao":"[\\uA735]","au":"[\\uA737]","av":"[\\uA739\\uA73B]","ay":"[\\uA73D]","b":"[\\u0062\\u24D1\\uFF42\\u1E03\\u1E05\\u1E07\\u0180\\u0183\\u0253]","c":"[\\u0063\\u24D2\\uFF43\\u0107\\u0109\\u010B\\u010D\\u00E7\\u1E09\\u0188\\u023C\\uA73F\\u2184]","d":"[\\u0064\\u24D3\\uFF44\\u1E0B\\u010F\\u1E0D\\u1E11\\u1E13\\u1E0F\\u0111\\u018C\\u0256\\u0257\\uA77A]","dz":"[\\u01F3\\u01C6]","e":"[\\u0065\\u24D4\\uFF45\\u00E8\\u00E9\\u00EA\\u1EC1\\u1EBF\\u1EC5\\u1EC3\\u1EBD\\u0113\\u1E15\\u1E17\\u0115\\u0117\\u00EB\\u1EBB\\u011B\\u0205\\u0207\\u1EB9\\u1EC7\\u0229\\u1E1D\\u0119\\u1E19\\u1E1B\\u0247\\u025B\\u01DD]","f":"[\\u0066\\u24D5\\uFF46\\u1E1F\\u0192\\uA77C]","g":"[\\u0067\\u24D6\\uFF47\\u01F5\\u011D\\u1E21\\u011F\\u0121\\u01E7\\u0123\\u01E5\\u0260\\uA7A1\\u1D79\\uA77F]","h":"[\\u0068\\u24D7\\uFF48\\u0125\\u1E23\\u1E27\\u021F\\u1E25\\u1E29\\u1E2B\\u1E96\\u0127\\u2C68\\u2C76\\u0265]","hv":"[\\u0195]","i":"[\\u0069\\u24D8\\uFF49\\u00EC\\u00ED\\u00EE\\u0129\\u012B\\u012D\\u00EF\\u1E2F\\u1EC9\\u01D0\\u0209\\u020B\\u1ECB\\u012F\\u1E2D\\u0268\\u0131]","j":"[\\u006A\\u24D9\\uFF4A\\u0135\\u01F0\\u0249]","k":"[\\u006B\\u24DA\\uFF4B\\u1E31\\u01E9\\u1E33\\u0137\\u1E35\\u0199\\u2C6A\\uA741\\uA743\\uA745\\uA7A3]","l":"[\\u006C\\u24DB\\uFF4C\\u0140\\u013A\\u013E\\u1E37\\u1E39\\u013C\\u1E3D\\u1E3B\\u017F\\u0142\\u019A\\u026B\\u2C61\\uA749\\uA781\\uA747]","lj":"[\\u01C9]","m":"[\\u006D\\u24DC\\uFF4D\\u1E3F\\u1E41\\u1E43\\u0271\\u026F]","n":"[\\u006E\\u24DD\\uFF4E\\u01F9\\u0144\\u00F1\\u1E45\\u0148\\u1E47\\u0146\\u1E4B\\u1E49\\u019E\\u0272\\u0149\\uA791\\uA7A5]","nj":"[\\u01CC]","o":"[\\u006F\\u24DE\\uFF4F\\u00F2\\u00F3\\u00F4\\u1ED3\\u1ED1\\u1ED7\\u1ED5\\u00F5\\u1E4D\\u022D\\u1E4F\\u014D\\u1E51\\u1E53\\u014F\\u022F\\u0231\\u00F6\\u022B\\u1ECF\\u0151\\u01D2\\u020D\\u020F\\u01A1\\u1EDD\\u1EDB\\u1EE1\\u1EDF\\u1EE3\\u1ECD\\u1ED9\\u01EB\\u01ED\\u00F8\\u01FF\\u0254\\uA74B\\uA74D\\u0275]","oi":"[\\u01A3]","ou":"[\\u0223]","oo":"[\\uA74F]","p":"[\\u0070\\u24DF\\uFF50\\u1E55\\u1E57\\u01A5\\u1D7D\\uA751\\uA753\\uA755]","q":"[\\u0071\\u24E0\\uFF51\\u024B\\uA757\\uA759]","r":"[\\u0072\\u24E1\\uFF52\\u0155\\u1E59\\u0159\\u0211\\u0213\\u1E5B\\u1E5D\\u0157\\u1E5F\\u024D\\u027D\\uA75B\\uA7A7\\uA783]","s":"[\\u0073\\u24E2\\uFF53\\u015B\\u1E65\\u015D\\u1E61\\u0161\\u1E67\\u1E63\\u1E69\\u0219\\u015F\\u023F\\uA7A9\\uA785\\u1E9B]","ss":"[\\u00DF]","t":"[\\u0074\\u24E3\\uFF54\\u1E6B\\u1E97\\u0165\\u1E6D\\u021B\\u0163\\u1E71\\u1E6F\\u0167\\u01AD\\u0288\\u2C66\\uA787]","tz":"[\\uA729]","u":"[\\u0075\\u24E4\\uFF55\\u00F9\\u00FA\\u00FB\\u0169\\u1E79\\u016B\\u1E7B\\u016D\\u00FC\\u01DC\\u01D8\\u01D6\\u01DA\\u1EE7\\u016F\\u0171\\u01D4\\u0215\\u0217\\u01B0\\u1EEB\\u1EE9\\u1EEF\\u1EED\\u1EF1\\u1EE5\\u1E73\\u0173\\u1E77\\u1E75\\u0289]","v":"[\\u0076\\u24E5\\uFF56\\u1E7D\\u1E7F\\u028B\\uA75F\\u028C]","vy":"[\\uA761]","w":"[\\u0077\\u24E6\\uFF57\\u1E81\\u1E83\\u0175\\u1E87\\u1E85\\u1E98\\u1E89\\u2C73]","x":"[\\u0078\\u24E7\\uFF58\\u1E8B\\u1E8D]","y":"[\\u0079\\u24E8\\uFF59\\u1EF3\\u00FD\\u0177\\u1EF9\\u0233\\u1E8F\\u00FF\\u1EF7\\u1E99\\u1EF5\\u01B4\\u024F\\u1EFF]","z":"[\\u007A\\u24E9\\uFF5A\\u017A\\u1E91\\u017C\\u017E\\u1E93\\u1E95\\u01B6\\u0225\\u0240\\u2C6C\\uA763]"},"researchesTests":["contentHasTOC","contentHasShortParagraphs","contentHasAssets","keywordInTitle","keywordInMetaDescription","keywordInPermalink","keywordIn10Percent","keywordInContent","keywordInSubheadings","keywordInImageAlt","keywordDensity","keywordNotUsed","lengthContent","lengthPermalink","linksHasInternal","linksHasExternals","linksNotAllExternals","titleStartWithKeyword","titleSentiment","titleHasPowerWords","titleHasNumber","hasContentAI"],"hasRedirection":true,"hasBreadcrumb":true},"homeUrl":"https:\/\/casinoalto.com\/br","objectID":135264,"objectType":"post","locale":"pt","localeFull":"pt_BR","overlayImages":{"play":{"name":"\u00cdcone de reprodu\u00e7\u00e3o","url":"https:\/\/casinoalto.com\/br\/wp-content\/plugins\/seo-by-rank-math\/assets\/admin\/img\/icon-play.png","path":"\/home\/casinoal\/public_html\/wp-content\/plugins\/seo-by-rank-math\/assets\/admin\/img\/icon-play.png","position":"middle_center"},"gif":{"name":"\u00cdcone GIF","url":"https:\/\/casinoalto.com\/br\/wp-content\/plugins\/seo-by-rank-math\/assets\/admin\/img\/icon-gif.png","path":"\/home\/casinoal\/public_html\/wp-content\/plugins\/seo-by-rank-math\/assets\/admin\/img\/icon-gif.png","position":"middle_center"}},"defautOgImage":"https:\/\/casinoalto.com\/br\/wp-content\/plugins\/seo-by-rank-math\/assets\/admin\/img\/social-placeholder.jpg","customPermalinks":true,"isUserRegistered":false,"autoSuggestKeywords":false,"connectSiteUrl":"https:\/\/rankmath.com\/auth?site=https%3A%2F%2Fcasinoalto.com%2Fbr&r=https%3A%2F%2Fcasinoalto.com%2Fbr%2Fwp-json%2Fwp%2Fv2%2Fpages%2F135264%2F%3Fnonce%3D68d4563b63","maxTags":5,"trendsIcon":"<svg viewBox=\"0 0 610 610\"><path d=\"M18.85,446,174.32,290.48l58.08,58.08L76.93,504a14.54,14.54,0,0,1-20.55,0L18.83,466.48a14.54,14.54,0,0,1,0-20.55Z\" style=\"fill:#4285f4\"\/><path d=\"M242.65,242.66,377.59,377.6l-47.75,47.75a14.54,14.54,0,0,1-20.55,0L174.37,290.43l47.75-47.75A14.52,14.52,0,0,1,242.65,242.66Z\" style=\"fill:#ea4335\"\/><polygon points=\"319.53 319.53 479.26 159.8 537.34 217.88 377.61 377.62 319.53 319.53\" style=\"fill:#fabb05\"\/><path d=\"M594.26,262.73V118.61h0a16.94,16.94,0,0,0-16.94-16.94H433.2a16.94,16.94,0,0,0-12,28.92L565.34,274.71h0a16.94,16.94,0,0,0,28.92-12Z\" style=\"fill:#34a853\"\/><rect width=\"610\" height=\"610\" style=\"fill:none\"\/><\/svg>","showScore":true,"siteFavIcon":"https:\/\/casinoalto.com\/br\/wp-content\/uploads\/sites\/3\/2024\/02\/cropped-Casino-Alto-Favicon-1-24x24.webp","canUser":{"general":false,"advanced":false,"snippet":false,"social":false,"analysis":false,"analytics":false,"content_ai":false},"showKeywordIntent":true,"isPro":false,"is_front_page":false,"trendsUpgradeLink":"https:\/\/rankmath.com\/pricing\/?utm_source=Plugin&utm_medium=CE%20General%20Tab%20Trends&utm_campaign=WP","trendsUpgradeLabel":"Atualizar","trendsPreviewImage":"https:\/\/casinoalto.com\/br\/wp-content\/plugins\/seo-by-rank-math\/assets\/admin\/img\/trends-preview.jpg","currentEditor":false,"homepageData":{"assessor":{"powerWords":[],"diacritics":true,"researchesTests":["contentHasTOC","contentHasShortParagraphs","contentHasAssets","keywordInTitle","keywordInMetaDescription","keywordInPermalink","keywordIn10Percent","keywordInContent","keywordInSubheadings","keywordInImageAlt","keywordDensity","keywordNotUsed","lengthContent","lengthPermalink","linksHasInternal","linksHasExternals","linksNotAllExternals","titleStartWithKeyword","titleSentiment","titleHasPowerWords","titleHasNumber","hasContentAI"],"hasBreadcrumb":true,"serpData":{"title":"%sitename% %page% %sep% %sitedesc%","description":"","titleTemplate":"%sitename% %page% %sep% %sitedesc%","descriptionTemplate":"","focusKeywords":"","breadcrumbTitle":"Casino Alto Brasil","robots":{"index":true},"advancedRobots":{"max-snippet":"-1","max-video-preview":"-1","max-image-preview":"large"},"facebookTitle":"","facebookDescription":"","facebookImage":"","facebookImageID":""}}}},"_links":{"self":[{"href":"https:\/\/casinoalto.com\/br\/wp-json\/wp\/v2\/pages\/135264","targetHints":{"allow":["GET"]}}],"collection":[{"href":"https:\/\/casinoalto.com\/br\/wp-json\/wp\/v2\/pages"}],"about":[{"href":"https:\/\/casinoalto.com\/br\/wp-json\/wp\/v2\/types\/page"}],"author":[{"embeddable":true,"href":"https:\/\/casinoalto.com\/br\/wp-json\/wp\/v2\/users\/1"}],"replies":[{"embeddable":true,"href":"https:\/\/casinoalto.com\/br\/wp-json\/wp\/v2\/comments?post=135264"}],"version-history":[{"count":0,"href":"https:\/\/casinoalto.com\/br\/wp-json\/wp\/v2\/pages\/135264\/revisions"}],"wp:attachment":[{"href":"https:\/\/casinoalto.com\/br\/wp-json\/wp\/v2\/media?parent=135264"}],"curies":[{"name":"wp","href":"https:\/\/api.w.org\/{rel}","templated":true}]}}