{"id":10061290,"date":"2021-10-05T14:28:45","date_gmt":"2021-10-05T14:28:45","guid":{"rendered":"https:\/\/casinoalto.com\/cl\/?page_id=10061290"},"modified":"2026-03-04T17:45:11","modified_gmt":"2026-03-04T17:45:11","slug":"codigo-promocional-bethard-casino","status":"publish","type":"page","link":"https:\/\/casinoalto.com\/cl\/codigos\/codigo-promocional-bethard-casino\/","title":{"rendered":"C\u00f3digo promocional Bethard Casino"},"content":{"rendered":"<p>Si est\u00e1s en busca de un casino online novedoso y seguro,\u00a0<strong>Bethard<\/strong> Casino\u00a0es una gran opci\u00f3n que puedes explorar, con un\u00a0<a href=\"\/cl\/bonos-de-bienvenida\/\">bono de bienvenida ao registrarse<\/a> que te podr\u00e1 parecer bastante atractivo para comenzar a jugar, todo a trav\u00e9s del c\u00f3digo promo de Bethard, con la ayuda de <a href=\"https:\/\/casinoalto.com\/cl\/\">Casino Alto Chile<\/a>.<\/p>\n<p>Esta plataforma est\u00e1 en operaci\u00f3n desde 2014, pertenece a la compa\u00f1\u00eda\u00a0<strong>Bethard Group Limited<\/strong>\u00a0y cuenta con licencia de operaci\u00f3n tanto de tanto la Autoridad de Juegos de Malta como el permiso de la Comisi\u00f3n de Apuestas de Suecia, convirti\u00e9ndose en una de las opciones m\u00e1s seguras para jugar.<\/p>\n<p>Por esto,\u00a0<strong>Bethard te ofrece hasta $100 <\/strong>para darte la m\u00e1s c\u00e1lida bienvenida. Si est\u00e1s interesado en esta jugosa promoci\u00f3n, aqu\u00ed te decimos todo lo que debes saber para comenzar a jugar.<\/p>\n<p>Pasos a seguir para obtener el c\u00f3digo promocional de <a href=\"\/cl\/casinos-online\/bethard-casino\/\">un casino confiable como Bethard Casino<\/a>:<\/p>\n<ul>\n<li>Utiliza nuestros enlaces y reg\u00edstrate en Bethard.<\/li>\n<li>Acepta el bono de bienvenida que Bethard te ofrece y realiza un dep\u00f3sito con las <a href=\"https:\/\/casinoalto.com\/cl\/metodos-de-pago\/\">mejores formas de pago para hacer dep\u00f3sitos<\/a> de por lo menos $20.<\/li>\n<li>Cumple con el roll-over (requisito m\u00ednimo de apuesta) de x20, del valor del bono y del primer dep\u00f3sito con el saldo que adquiriste.<\/li>\n<li>Una vez cumplidos los requisitos, se te adjudicar\u00e1n las ganancias conseguidas.<\/li>\n<\/ul>\n<p>La oferta que propone Bethard es v\u00e1lida con un\u00a0<strong>dep\u00f3sito m\u00ednimo de $20<\/strong>\u00a0y ofrece un bono m\u00e1ximo de $100, trat\u00e1ndose de una oferta v\u00e1lida para el primer dep\u00f3sito y solo para nuevos jugadores.<\/p>\n<p><strong>El bono de bienvenida duplica tu primer ingreso.<\/strong>\u00a0Aqu\u00ed hay algunos ejemplos:<\/p>\n<ul>\n<li>Si depositas $20, obtienes $20 gratis y juegas con $40.<\/li>\n<li>Si depositas $50, obtienes $50 gratis y juegas con $100.<\/li>\n<li>Si depositas $100, obtienes $100 gratis y juegas con $200.<\/li>\n<\/ul>\n<p>Este bono de bienvenida se limita a uno solo por personas, direcci\u00f3n IP o familia, adem\u00e1s de que no puede ser utilizado en conjunto con otro bono, promoci\u00f3n u oferta. Para ser acreedor de otra promoci\u00f3n, debes cumplir con el rollover de esta bonificaci\u00f3n de bienvenida.<\/p>\n<p><strong>El bono de bienvenida de Bethard debe apostarse en el\u00a0<a href=\"\/cl\/casinos-online\/\">casino online seguro para jugar en 2025<\/a>, cont\u00e1ndose con 60 d\u00edas para hacerlo.<\/strong>\u00a0En caso de que no se haga en el tiempo estipulado, Bethard se reserva el derecho de eliminar en cualquier momento los bonos de bienvenida sin utilizar dentro del per\u00edodo estipulado.<\/p>\n<p>No olvides que, en su b\u00fasqueda por un juego justo, Bethard solicita que apuestes la suma de su bono de bienvenida y su primer dep\u00f3sito un m\u00ednimo de 20 veces antes de retirar tus ganancias.<\/p>\n<p>Por ejemplo:<\/p>\n<ul>\n<li>Si depositas $20, obtienes $20 gratis y debes apostar $800 para poder retirar ganancias.<\/li>\n<li>Si depositas $50, obtienes $50 gratis y debes apostar $2000 para poder retirar ganancias.<\/li>\n<li>Si depositas $100, obtienes $100 gratis y debes apostar $4000 para poder retirar ganancias.<\/li>\n<\/ul>\n<p>En el caso de que no recibas el bono de bienvenida de forma autom\u00e1tica luego de haber realizado un dep\u00f3sito aprobado, solicita apoyo en atenci\u00f3n al cliente de Bethard. Puedes hacerlo mientras juegas (haz clic en el bot\u00f3n de \u00abayuda\u00bb) o por e-mail (<strong>support-es@bethard.com<\/strong>).<\/p>\n<p>Hay que tener muy en cuenta que la apuesta m\u00e1xima es de 10$ tanto a apuesta como a giro, que el m\u00e9todo paysafecard no es compatible con recibir este bono y que solo los juegos de la pesta\u00f1a \u201cCasino\u201d cuentan para los requisitos de apuesta. Cada juego contribuye de forma diferente y aqu\u00ed lo desgranamos:<\/p>\n<ul>\n<li>Tragaperras contribuyen en un 100%.<\/li>\n<li>Casino en vivo contribuye en un 20%.<\/li>\n<li>Juegos de mesa no contribuyen<\/li>\n<li>Videopoker no contribuyen<\/li>\n<li>Tragaperras progresivas no contribuyen<\/li>\n<li>Los dem\u00e1s juegos no contribuyen<\/li>\n<\/ul>\n<p>El dinero real se utilizar\u00e1 antes que el dinero obtenido como bono, en una oferta que no est\u00e1 nada mal y que solo est\u00e1 disponibles para los usuarios de Bethard Casino de Chile.<\/p>\n","protected":false},"excerpt":{"rendered":"<p>Si est\u00e1s en busca de un casino online novedoso y seguro,\u00a0Bethard Casino\u00a0es una gran opci\u00f3n que puedes explorar, con un\u00a0bono de bienvenida ao registrarse que te podr\u00e1 parecer bastante atractivo para comenzar a jugar, todo a trav\u00e9s del c\u00f3digo promo de Bethard, con la ayuda de Casino Alto Chile. Esta plataforma est\u00e1 en operaci\u00f3n desde [&hellip;]<\/p>\n","protected":false},"author":11,"featured_media":0,"parent":152134,"menu_order":0,"comment_status":"closed","ping_status":"closed","template":"single_codigo.php","meta":{"_acf_changed":false,"footnotes":""},"class_list":["post-10061290","page","type-page","status-publish","hentry"],"acf":[],"_links":{"self":[{"href":"https:\/\/casinoalto.com\/cl\/wp-json\/wp\/v2\/pages\/10061290","targetHints":{"allow":["GET"]}}],"collection":[{"href":"https:\/\/casinoalto.com\/cl\/wp-json\/wp\/v2\/pages"}],"about":[{"href":"https:\/\/casinoalto.com\/cl\/wp-json\/wp\/v2\/types\/page"}],"author":[{"embeddable":true,"href":"https:\/\/casinoalto.com\/cl\/wp-json\/wp\/v2\/users\/11"}],"replies":[{"embeddable":true,"href":"https:\/\/casinoalto.com\/cl\/wp-json\/wp\/v2\/comments?post=10061290"}],"version-history":[{"count":4,"href":"https:\/\/casinoalto.com\/cl\/wp-json\/wp\/v2\/pages\/10061290\/revisions"}],"predecessor-version":[{"id":10063113,"href":"https:\/\/casinoalto.com\/cl\/wp-json\/wp\/v2\/pages\/10061290\/revisions\/10063113"}],"up":[{"embeddable":true,"href":"https:\/\/casinoalto.com\/cl\/wp-json\/wp\/v2\/pages\/152134"}],"wp:attachment":[{"href":"https:\/\/casinoalto.com\/cl\/wp-json\/wp\/v2\/media?parent=10061290"}],"curies":[{"name":"wp","href":"https:\/\/api.w.org\/{rel}","templated":true}]}}