{"id":10054581,"date":"2021-07-16T09:02:09","date_gmt":"2021-07-16T09:02:09","guid":{"rendered":"https:\/\/casinoalto.com\/co\/?page_id=10054581"},"modified":"2025-05-12T17:45:23","modified_gmt":"2025-05-12T17:45:23","slug":"codigo-promocional-wonderbet","status":"publish","type":"page","link":"https:\/\/casinoalto.com\/co\/codigos\/codigo-promocional-wonderbet\/","title":{"rendered":"C\u00f3digo Promocional Wonderbet"},"content":{"rendered":"<p>Cuando hablamos de\u00a0<a href=\"\/co\/casinos-online\/wonderbet\/\">un casino confiable como Wonderbet<\/a>, se habla de un casino de reciente creaci\u00f3n con mucho potencial para triunfar en el mercado.\u00a0<strong>En Colombia apareci\u00f3 en el a\u00f1o 2023<\/strong> en sustituci\u00f3n de una William Hill que dej\u00f3 de operar oficialmente en el mes de marzo de ese a\u00f1o.<\/p>\n<p>Wonderbet es uno de esos operadores que trata de aportar frescura al mundillo de las apuestas deportivas y casino online, ofreciendo una soluci\u00f3n digital diferente a los apostadores. Los usuarios buscan cada vez m\u00e1s esto, pues la presencia de nuevos actores fomenta la competencia y las ansias de mejora entre los casinos cl\u00e1sicos.<\/p>\n<p>Hay que recordar que la antigua William Hill se expandi\u00f3 poco a poco por el mundo y conquist\u00f3 el mercado colombiano a partir del a\u00f1o 2020. No obstante, la empresa Alfabet SAS acord\u00f3 con ella la cesi\u00f3n de sus derechos de licencia con Coljuegos, todo ello para que el pa\u00eds no deje de contar con uno de los mejores casinos de la regi\u00f3n.<\/p>\n<p>Una de las cosas que se debe destacar de Wonderbet es su bono por dep\u00f3sito para <a href=\"https:\/\/casinoalto.com\/co\/casinos-online\/\">casinos online seguros y confiables<\/a>, el cual vamos a detallar a continuaci\u00f3n.<\/p>\n<p>Y es que la\u00a0bonificaci\u00f3n <strong>consta del 100 por ciento por hasta 100 mil COP para poder jugar y ganar en el sitio web<\/strong>. Lo que s\u00ed se debe de destacar es que no necesariamente es un bono de bienvenida, porque de igual forma pueden obtenerlo quienes ya son jugadores que los nuevos en Wonderbet.<\/p>\n<p>Lo \u00fanico que se debe de hacer para conseguir el bono es lo siguiente:<\/p>\n<p>Una vez que ingreses a tu cuenta de Wonderbet, ac\u00e9rcate a la secci\u00f3n de dep\u00f3sitos. All\u00e1 puedes elegir Efecty, Tpaga, PSE o tarjeta de cr\u00e9dito Visa o Mastercard como <a href=\"https:\/\/casinoalto.com\/co\/metodos-de-pago\/\">forma de pago para los casinos<\/a>. Recuerda ver nuestra rese\u00f1a para que conozcas cu\u00e1les son los m\u00ednimos a depositar.<\/p>\n<p>Cabe destacar que antes de que te acerques a la secci\u00f3n de dep\u00f3sitos, debes activar el \u201cBono Wonder Online CA\u201d en la secci\u00f3n de boleto de apuestas.<\/p>\n<p>Debes recordar que tienes 4 d\u00edas a partir del momento de la activaci\u00f3n del <a href=\"https:\/\/casinoalto.com\/co\/bonos-de-bienvenida\/\">bono de bienvenida para nuevos jugadores<\/a> para usarlo, adem\u00e1s de que tiene un <strong>rollover x25<\/strong>, condiciones no tan exigentes para poder retirarlo. Estos t\u00e9rminos y condiciones funcionan igual para los nuevos jugadores como para los que ya son parte de Wonderbet.<\/p>\n<p>Otro de los puntos a destacar en Wonderbet, es que su secci\u00f3n de apuestas deportivas es una de las m\u00e1s interesantes del mercado y por ello tambi\u00e9n cuentan con un bono bastante atractivo para sus jugadores.<\/p>\n<p>La oferta de bienvenida de las apuestas deportivas en Wonderbet consiste en recibir el 50% de tu primera apuesta hasta\u00a0<strong>1.000,000 COP<\/strong>\u00a0extras si no la ganas. Lo \u00fanico que se debe hacer es realizar un dep\u00f3sito a trav\u00e9s de los m\u00e9todos de pago que ya hemos mencionado anteriormente.<\/p>\n<p>Este bono tiene una vigencia de una semana (7 d\u00edas) desde el momento de su activaci\u00f3n, <strong>no cuenta con rollover<\/strong> por el hecho de ser una freebet\u00a0y las apuestas pueden usarse a trav\u00e9s de una\u00a0<strong>cuota m\u00ednima de 2.00<\/strong>. Una vez que se cumpla la misi\u00f3n de la promo, se obtendr\u00e1 el bono y sus ganancias.<\/p>\n<p>Por \u00faltimo, en Wonderbet cuentan con una promoci\u00f3n para nuevos usuarios registrados que quieran jugar en su casino en vivo. En este caso el bono es del 100% hasta <strong>200,000 COP<\/strong> y cuenta con un dep\u00f3sito m\u00ednimo de 50,000 COP como requisito fundamental, una de las \u00fanicas promociones de juegos en vivo disponibles en los casinos revisados por <a href=\"https:\/\/casinoalto.com\/co\/\">Casino Alto Colombia<\/a>.<\/p>\n<p>Para activar esto, lo \u00fanico que se debe hacer es ingresar a un juego en vivo de la plataforma y seleccionar el s\u00edmbolo de \u201cBono\u201d que te va a aparecer, siempre que ya se haya completado el proceso de recarga.<\/p>\n","protected":false},"excerpt":{"rendered":"<p>Cuando hablamos de\u00a0un casino confiable como Wonderbet, se habla de un casino de reciente creaci\u00f3n con mucho potencial para triunfar en el mercado.\u00a0En Colombia apareci\u00f3 en el a\u00f1o 2023 en sustituci\u00f3n de una William Hill que dej\u00f3 de operar oficialmente en el mes de marzo de ese a\u00f1o. Wonderbet es uno de esos operadores que [&hellip;]<\/p>\n","protected":false},"author":11,"featured_media":0,"parent":152134,"menu_order":0,"comment_status":"closed","ping_status":"closed","template":"single_codigo.php","meta":{"_acf_changed":false,"footnotes":""},"class_list":["post-10054581","page","type-page","status-publish","hentry"],"acf":[],"_links":{"self":[{"href":"https:\/\/casinoalto.com\/co\/wp-json\/wp\/v2\/pages\/10054581","targetHints":{"allow":["GET"]}}],"collection":[{"href":"https:\/\/casinoalto.com\/co\/wp-json\/wp\/v2\/pages"}],"about":[{"href":"https:\/\/casinoalto.com\/co\/wp-json\/wp\/v2\/types\/page"}],"author":[{"embeddable":true,"href":"https:\/\/casinoalto.com\/co\/wp-json\/wp\/v2\/users\/11"}],"replies":[{"embeddable":true,"href":"https:\/\/casinoalto.com\/co\/wp-json\/wp\/v2\/comments?post=10054581"}],"version-history":[{"count":7,"href":"https:\/\/casinoalto.com\/co\/wp-json\/wp\/v2\/pages\/10054581\/revisions"}],"predecessor-version":[{"id":10061267,"href":"https:\/\/casinoalto.com\/co\/wp-json\/wp\/v2\/pages\/10054581\/revisions\/10061267"}],"up":[{"embeddable":true,"href":"https:\/\/casinoalto.com\/co\/wp-json\/wp\/v2\/pages\/152134"}],"wp:attachment":[{"href":"https:\/\/casinoalto.com\/co\/wp-json\/wp\/v2\/media?parent=10054581"}],"curies":[{"name":"wp","href":"https:\/\/api.w.org\/{rel}","templated":true}]}}