{"id":152406,"date":"2020-04-06T19:22:12","date_gmt":"2020-04-06T19:22:12","guid":{"rendered":"https:\/\/casinoalto.com\/co\/?page_id=152406"},"modified":"2025-05-05T17:52:57","modified_gmt":"2025-05-05T17:52:57","slug":"codigo-promocional-yajuego","status":"publish","type":"page","link":"https:\/\/casinoalto.com\/co\/codigos\/codigo-promocional-yajuego\/","title":{"rendered":"C\u00f3digo promocional Yajuego"},"content":{"rendered":"<p>Para deleite de nuestros usuarios traemos el c\u00f3digo promocional de <a href=\"\/co\/casinos-online\/yajuego\/\">un casino confiable como Yajuego<\/a>, con un bono diferente y novedoso en el mercado.<\/p>\n<p>Este casino propiedad de Games and Betting S.A.S se ha unido al juego en l\u00ednea en 2018, tras operar en locales f\u00edsicos en apuestas deportivas. Para los nuevos usuarios que realicen un primer ingreso pone a disposici\u00f3n <strong>hasta $100.000<\/strong> <strong>en concepto de un 50% de bono de bienvenida<\/strong>. Para hacerte con la <a href=\"https:\/\/casinoalto.com\/co\/bonos-de-bienvenida\/\">promoci\u00f3n de bienvenida<\/a> de Yajuego no pierdas detalle de los pasos a seguir con la ayuda de <a href=\"https:\/\/casinoalto.com\/co\/\">Casino Alto Colombia<\/a>.<\/p>\n<p><em>Pasos a seguir para conseguir la promoci\u00f3n:<\/em><\/p>\n<ul>\n<li>Registrarte en Yajuego a trav\u00e9s de uno de nuestros enlaces.<\/li>\n<li>Realiza un primer dep\u00f3sito a trav\u00e9s del c\u00f3digo promo, eligiendo una de las <a href=\"https:\/\/casinoalto.com\/co\/metodos-de-pago\/\">formas de pago para hacer dep\u00f3sitos<\/a>.<\/li>\n<li>Verifica tu cuenta a trav\u00e9s de email que recibir\u00e1s de Yajuego.<\/li>\n<li>El bono ser\u00e1 acreditado en tu cuenta en las 24 horas posteriores.<\/li>\n<\/ul>\n<p>Este bono est\u00e1 disponible en este momento y por ahora no cuenta con fecha de caducidad, por tanto es el momento de aprovecharse de el con el c\u00f3digo promocional de Yajuego. En cualquier caso, el operador se reserva el derecho de modificarla o terminarla en cualquier momento.<\/p>\n<p>La promoci\u00f3n solo es para nuevos usuarios y consiste en <strong>un bono del 50% del primer ingreso hasta un m\u00e1ximo de $100.000<\/strong>. Eso significa que si realizas un dep\u00f3sito de $20.000, te llevas $10.000 en forma de <a href=\"\/co\/casinos-sin-deposito\/\">bono gratuito de casino<\/a>.<\/p>\n<p>Para ello tan solo tienes que registrarte con tus datos y aceptar los t\u00e9rminos y condiciones. Incluso, <strong>Yajuego da la opci\u00f3n de completar el registro m\u00e1s tarde<\/strong> y ser redirigido inmediatamente a la pantalla principal.<\/p>\n<p>Para acceder al bono se deben completar todos los campos y tambi\u00e9n verificar la cuenta a partir del email de confirmaci\u00f3n que aparecer\u00e1 en tu bandeja de entrada. El correo tiene fecha de caducidad, por lo que es importante hacer click en \u00e9l cuanto antes y hacer efectiva tu entrada al casino.<\/p>\n<p>Tienes que tener en cuenta que esta oferta forma parte de un bono de bienvenida trilog\u00eda que tambi\u00e9n incluye un 100% de bono para deportes y dos freebets para utilizar en Yajuego Racing y Yajuego League. Adem\u00e1s, <strong>el bono de casino solo es utilizable en m\u00f3vil<\/strong>.<\/p>\n<p>Hay que mencionar que el usuario cuenta con <strong>un plazo de 5 d\u00edas para usar ese bono<\/strong> de Yajuego obtenido mediante el c\u00f3digo promocional. Para ello hay que liberar la cantidad del bono para convertirlas en dinero real, <strong>apostando al menos 20 veces su valor al completo<\/strong>.<\/p>\n<p>Por ejemplo, si recibes un bono de $20.000 tendr\u00e1s que apostar un total de $400.000 para liberarlo. No pierdas esta oportunidad y empieza a jugar con uno de los <a href=\"https:\/\/casinoalto.com\/co\/casinos-online\/\">casinos destacados de Colombia<\/a> y de toda Latinoam\u00e9rica.<\/p>\n","protected":false},"excerpt":{"rendered":"<p>Para deleite de nuestros usuarios traemos el c\u00f3digo promocional de un casino confiable como Yajuego, con un bono diferente y novedoso en el mercado. Este casino propiedad de Games and Betting S.A.S se ha unido al juego en l\u00ednea en 2018, tras operar en locales f\u00edsicos en apuestas deportivas. Para los nuevos usuarios que realicen [&hellip;]<\/p>\n","protected":false},"author":6,"featured_media":0,"parent":152134,"menu_order":0,"comment_status":"closed","ping_status":"closed","template":"single_codigo.php","meta":{"_acf_changed":false,"footnotes":""},"class_list":["post-152406","page","type-page","status-publish","hentry"],"acf":[],"_links":{"self":[{"href":"https:\/\/casinoalto.com\/co\/wp-json\/wp\/v2\/pages\/152406","targetHints":{"allow":["GET"]}}],"collection":[{"href":"https:\/\/casinoalto.com\/co\/wp-json\/wp\/v2\/pages"}],"about":[{"href":"https:\/\/casinoalto.com\/co\/wp-json\/wp\/v2\/types\/page"}],"author":[{"embeddable":true,"href":"https:\/\/casinoalto.com\/co\/wp-json\/wp\/v2\/users\/6"}],"replies":[{"embeddable":true,"href":"https:\/\/casinoalto.com\/co\/wp-json\/wp\/v2\/comments?post=152406"}],"version-history":[{"count":4,"href":"https:\/\/casinoalto.com\/co\/wp-json\/wp\/v2\/pages\/152406\/revisions"}],"predecessor-version":[{"id":10061218,"href":"https:\/\/casinoalto.com\/co\/wp-json\/wp\/v2\/pages\/152406\/revisions\/10061218"}],"up":[{"embeddable":true,"href":"https:\/\/casinoalto.com\/co\/wp-json\/wp\/v2\/pages\/152134"}],"wp:attachment":[{"href":"https:\/\/casinoalto.com\/co\/wp-json\/wp\/v2\/media?parent=152406"}],"curies":[{"name":"wp","href":"https:\/\/api.w.org\/{rel}","templated":true}]}}