{"id":10054234,"date":"2020-09-27T11:27:16","date_gmt":"2020-09-27T11:27:16","guid":{"rendered":"https:\/\/casinoalto.com\/cl\/?page_id=10054234"},"modified":"2026-01-24T16:57:47","modified_gmt":"2026-01-24T16:57:47","slug":"codigo-promocional-bodog","status":"publish","type":"page","link":"https:\/\/casinoalto.com\/ec\/codigos\/codigo-promocional-bodog\/","title":{"rendered":"C\u00f3digo promocional Bodog"},"content":{"rendered":"<p><strong>Bodog<\/strong>, uno de los <a href=\"\/ec\/casinos-online\/\">casinos online m\u00e1s reputados de Ecuador<\/a> y que m\u00e1s popularidad ha tomado en la industria de los juegos de azar, te da la bienvenida a su plataforma con dos promociones bastante atractivas que podr\u00e1s conseguir con el c\u00f3digo promocional de Bodog.<\/p>\n<p>Una de ellas para que comiences tu andar en las apuestas deportivas y otro para que empieces en los juegos de casino. Es este \u00faltimo el que nos interesa, con un bono por hasta <strong>1500 d\u00f3lares<\/strong> con tres dep\u00f3sitos iniciales.<\/p>\n<p>Esta es una de las mejores promos que vas a encontrar aqu\u00ed en <a href=\"https:\/\/casinoalto.com\/ec\/\">Casino Alto Ecuador<\/a>, siempre y cuando hagas tu registro en la p\u00e1gina y quieras aprovechar todos sus beneficios, con juegos de operadores populares como Real Time Gaming, Betsoft y Rival, as\u00ed como aquellos que provienen de su propio software.<\/p>\n<p>Tal y como lo mencionamos previamente, el bono de bienvenida del <a href=\"\/ec\/casinos-online\/bodog\/\">casino fiable de Bodog<\/a> consiste en un 100 por ciento de tu primer ingreso por hasta 500 d\u00f3lares con los primeros tres dep\u00f3sitos, dividi\u00e9ndose esta promoci\u00f3n de la siguiente manera:<\/p>\n<ul>\n<li><strong>Primer dep\u00f3sito: bonus de 100% hasta 500 d\u00f3lares<\/strong><\/li>\n<li><strong>Segundo dep\u00f3sito: bonus de 100% hasta 500 d\u00f3lares<\/strong><\/li>\n<li><strong>Tercer dep\u00f3sito: bonus de 100% hasta 500 d\u00f3lares<\/strong><\/li>\n<\/ul>\n<p>Para adquirirlo, lo \u00fanico que necesitas hacer es registrarte a trav\u00e9s de nuestros enlaces del c\u00f3digo promocional de Bodog, ingresar al apartado de \u00abMis recompensas\u00bb, elegir el bono de casino y realizar tu primer dep\u00f3sito con una de las <a href=\"https:\/\/casinoalto.com\/ec\/metodos-de-pago\/\">formas de pago disponibles en Ecuador<\/a>. A trav\u00e9s de este proceso r\u00e1pido, podr\u00e1s hacerte de este gran beneficio y disfrutar de los mejores juegos mientras ganas.<\/p>\n<p>Por supuesto, hay algunas condiciones que tienes que cumplir, como con cualquier <a href=\"https:\/\/casinoalto.com\/ec\/bonos-de-bienvenida\/\">bono o promoci\u00f3n de casino ofrecida en Ecuador<\/a>. Tendr\u00e1s que cumplir con las condiciones m\u00ednimas de dep\u00f3sito, la cual var\u00eda seg\u00fan la moneda escogida por el usuario. Bodog <strong>establece el m\u00ednimo por 10 d\u00f3lares<\/strong>, por lo que si haces un ingreso con dicha cantidad, se te recompensar\u00e1 con 10 d\u00f3lares m\u00e1s.<\/p>\n<p>Una vez dentro de tu registro, deber\u00e1s seleccionar la opci\u00f3n de \u201cBonus de Bienvenida Casino\u201d en el momento de realizar el dep\u00f3sito. El bono se acreditar\u00e1 autom\u00e1ticamente en el momento de confirmaci\u00f3n del dep\u00f3sito.<\/p>\n<p>Por supuesto, hay algunas reglas que deber\u00e1s cumplir. Para solicitar el retiro, tendr\u00e1s que apostar el total del valor del bonus m\u00e1s el valor del dep\u00f3sito (rollover) <strong>30 veces<\/strong>. El valor depositado a contabilizar para que se cumpla el rollover no podr\u00e1 ser mayor al valor m\u00e1ximo de bono. Un monto mayor al m\u00e1ximo establecido no contabilizar\u00e1 para calcular el rollover.<\/p>\n<p>Puedes aprovechar los juegos de casino m\u00e1s populares, como el juego de blackjack en l\u00ednea en la demo, el juego en l\u00edna de baccarat, poker y los juegos cl\u00e1sicos de ruletas online para ayudar a cumplir el requisito m\u00ednimo de apuesta y as\u00ed poderte adjudicar las ganancias que generes con esta promoci\u00f3n.<\/p>\n<p>Tambi\u00e9n toma en cuenta que los juegos de de Live Dealer, Mini Games y los Juegos Progresivos no aportan ning\u00fan porcentaje en la contabilizaci\u00f3n del rollover, por lo que quedan excluidos de esta promoci\u00f3n.<\/p>\n<p>En caso de que solicites un retiro antes del cumplimiento del requisito m\u00ednimo para el rollover, todas tus ganancias y el bono mismo ser\u00e1n cancelados y retirados.<\/p>\n<p>Asimismo, <strong>la vigencia del bono ser\u00e1 por 30 d\u00edas<\/strong> desde que se realiza el dep\u00f3sito, contando con todo ese tiempo para su liberaci\u00f3n. En el caso de que no cumplas con el rollover durante ese periodo, Bodog se ver\u00e1 en la necesidad de cancelar el bono y las ganancias generadas.<\/p>\n","protected":false},"excerpt":{"rendered":"<p>Bodog, uno de los casinos online m\u00e1s reputados de Ecuador y que m\u00e1s popularidad ha tomado en la industria de los juegos de azar, te da la bienvenida a su plataforma con dos promociones bastante atractivas que podr\u00e1s conseguir con el c\u00f3digo promocional de Bodog. Una de ellas para que comiences tu andar en las [&hellip;]<\/p>\n","protected":false},"author":11,"featured_media":0,"parent":152134,"menu_order":0,"comment_status":"closed","ping_status":"closed","template":"single_codigo.php","meta":{"_acf_changed":false,"footnotes":""},"class_list":["post-10054234","page","type-page","status-publish","hentry"],"acf":[],"_links":{"self":[{"href":"https:\/\/casinoalto.com\/ec\/wp-json\/wp\/v2\/pages\/10054234","targetHints":{"allow":["GET"]}}],"collection":[{"href":"https:\/\/casinoalto.com\/ec\/wp-json\/wp\/v2\/pages"}],"about":[{"href":"https:\/\/casinoalto.com\/ec\/wp-json\/wp\/v2\/types\/page"}],"author":[{"embeddable":true,"href":"https:\/\/casinoalto.com\/ec\/wp-json\/wp\/v2\/users\/11"}],"replies":[{"embeddable":true,"href":"https:\/\/casinoalto.com\/ec\/wp-json\/wp\/v2\/comments?post=10054234"}],"version-history":[{"count":5,"href":"https:\/\/casinoalto.com\/ec\/wp-json\/wp\/v2\/pages\/10054234\/revisions"}],"predecessor-version":[{"id":10062780,"href":"https:\/\/casinoalto.com\/ec\/wp-json\/wp\/v2\/pages\/10054234\/revisions\/10062780"}],"up":[{"embeddable":true,"href":"https:\/\/casinoalto.com\/ec\/wp-json\/wp\/v2\/pages\/152134"}],"wp:attachment":[{"href":"https:\/\/casinoalto.com\/ec\/wp-json\/wp\/v2\/media?parent=10054234"}],"curies":[{"name":"wp","href":"https:\/\/api.w.org\/{rel}","templated":true}]}}