{"id":10062160,"date":"2023-02-14T04:56:27","date_gmt":"2023-02-14T04:56:27","guid":{"rendered":"https:\/\/casinoalto.com\/ec\/?page_id=10062160"},"modified":"2026-03-04T17:59:47","modified_gmt":"2026-03-04T17:59:47","slug":"codigo-promocional-betfair-casino","status":"publish","type":"page","link":"https:\/\/casinoalto.com\/ec\/codigos\/codigo-promocional-betfair-casino\/","title":{"rendered":"C\u00f3digo promocional Betfair Casino"},"content":{"rendered":"<p>Considerado uno de los casinos m\u00e1s populares del mundo, el <a href=\"\/ec\/casinos-online\/betfair-casino\/\">s\u00edtio fiable de Betfair<\/a> cuenta con una variedad de juegos destacada, unas ofertas que suelen ser bastante rentables y unas herramientas que contribuyen tanto a la seguridad como al beneficio del jugador.<\/p>\n<p>Entre su oferta de juego destaca el casino en vivo, pero tambi\u00e9n puedes probar suerte con los jackpots de sus tragamonedas, juegos de ruleta en l\u00ednea, juegos de blackjack en la demo, poker, juegos cl\u00e1sicos de baccarat, juegos alternativos como craps y otros juegos.<\/p>\n<p>Si quieres comenzar a apostar, te vamos a decir lo que necesitas saber para hacerte con este <strong>bono de bienvenida de Betfair de 300 d\u00f3lares m\u00e1s 20 tiradas gratuitas con el primer dep\u00f3sito que realices<\/strong>.<\/p>\n<p><em>Pasos a seguir para conseguir la promoci\u00f3n:<\/em><\/p>\n<ul>\n<li>Reg\u00edstrate en Betfair Casino a trav\u00e9s de uno de los enlaces en <a href=\"https:\/\/casinoalto.com\/ec\/\">Casino Alto<\/a><\/li>\n<li>Utiliza el c\u00f3digo promocional de Betfair Casino<\/li>\n<li>Realiza un dep\u00f3sito de la cantidad que prefieras con uno de los <a href=\"https:\/\/casinoalto.com\/ec\/metodos-de-pago\/\">m\u00e9todos de pago m\u00e1s populares de Ecuador<\/a><\/li>\n<li>El bono por valor del 300% de tu ingreso ser\u00e1 acreditado en tu cuenta<\/li>\n<\/ul>\n<p>La oferta est\u00e1 disponible <strong>desde el 31 de diciembre de 2020<\/strong>. Lo mejor es que si quieres iniciarte en el mundillo del juego en l\u00ednea te sumes a esta gran oportunidad.<\/p>\n<p>La promo de Betfair Casino incluye un <strong>bono del 300% del valor de tu primer dep\u00f3sito hasta un m\u00e1ximo de 300 d\u00f3lares m\u00e1s 20 tiradas gratuitas<\/strong>. Eso quiere decir que si ingresas 100 d\u00f3lares te llevar\u00e1s otros 300 extra en forma de bono solo por haber utilizado este c\u00f3digo promocional de Betfair Casino y haber realizado ese primer dep\u00f3sito. Por lo tanto, podemos afirmar que se trata de uno de los <a href=\"https:\/\/casinoalto.com\/ec\/bonos-de-bienvenida\/\">bonos de bienvenida m\u00e1s ventajosos de Ecuador<\/a>.<\/p>\n<p>El bono tiene una <strong>caducidad de 7 d\u00edas<\/strong>. Una vez que concluya esa fecha, todas las ganancias que queden por liberar ser\u00e1n canceladas. Y es que el bono contiene un <strong>rollover (cantidad de apuesta m\u00ednima) a liberar de 35 veces la cuant\u00eda del mismo<\/strong>.<\/p>\n<p>Por tanto, si te has hecho con un bono de 300 d\u00f3lares, deber\u00e1s jugar una cantidad total de 10,500 d\u00f3lares en los juegos que m\u00e1s te gusten de Betfair Casino. Aunque hay que tener en cuenta que hay algunos juegos que no contar\u00e1n para la liberaci\u00f3n del bono y no todos contribuyen de la misma manera a cumplir los requisitos de apuesta.<\/p>\n<p>En este caso, las tragamonedas contribuyen en un 100%, los juegos de ruleta en un 25%, blackjack en un 10% y p\u00f3ker lo hacen en un 50% a excepci\u00f3n de algunas variantes, y otras variedades como dados lo hacen en un 5% o Sic Bo en 50%. Los juegos en vivo no podr\u00e1n utilizarse para esta promoci\u00f3n.<\/p>\n<p>Adem\u00e1s, la oferta no es acumulable junto a ninguna otra de las existentes en el casino online, por lo que si decides apuntarte a ella ser\u00e1 para utilizarla de forma exclusiva.<\/p>\n<p>En total <strong>hasta 300 d\u00f3lares<\/strong>, una forma muy buena de empezar a jugar en uno de los <a href=\"https:\/\/casinoalto.com\/ec\/casinos-online\/\">casinos en l\u00ednea m\u00e1s reputados de Ecuador<\/a>. Si te surge cualquier tipo de duda puedes revisar la secci\u00f3n de t\u00e9rminos y condiciones en el sitio web del operador o ponerte en contacto con el servicio de atenci\u00f3n al cliente.<\/p>\n","protected":false},"excerpt":{"rendered":"<p>Considerado uno de los casinos m\u00e1s populares del mundo, el s\u00edtio fiable de Betfair cuenta con una variedad de juegos destacada, unas ofertas que suelen ser bastante rentables y unas herramientas que contribuyen tanto a la seguridad como al beneficio del jugador. Entre su oferta de juego destaca el casino en vivo, pero tambi\u00e9n puedes [&hellip;]<\/p>\n","protected":false},"author":18,"featured_media":0,"parent":152134,"menu_order":0,"comment_status":"closed","ping_status":"closed","template":"single_codigo.php","meta":{"_acf_changed":false,"footnotes":""},"class_list":["post-10062160","page","type-page","status-publish","hentry"],"acf":[],"_links":{"self":[{"href":"https:\/\/casinoalto.com\/ec\/wp-json\/wp\/v2\/pages\/10062160","targetHints":{"allow":["GET"]}}],"collection":[{"href":"https:\/\/casinoalto.com\/ec\/wp-json\/wp\/v2\/pages"}],"about":[{"href":"https:\/\/casinoalto.com\/ec\/wp-json\/wp\/v2\/types\/page"}],"author":[{"embeddable":true,"href":"https:\/\/casinoalto.com\/ec\/wp-json\/wp\/v2\/users\/18"}],"replies":[{"embeddable":true,"href":"https:\/\/casinoalto.com\/ec\/wp-json\/wp\/v2\/comments?post=10062160"}],"version-history":[{"count":4,"href":"https:\/\/casinoalto.com\/ec\/wp-json\/wp\/v2\/pages\/10062160\/revisions"}],"predecessor-version":[{"id":10062810,"href":"https:\/\/casinoalto.com\/ec\/wp-json\/wp\/v2\/pages\/10062160\/revisions\/10062810"}],"up":[{"embeddable":true,"href":"https:\/\/casinoalto.com\/ec\/wp-json\/wp\/v2\/pages\/152134"}],"wp:attachment":[{"href":"https:\/\/casinoalto.com\/ec\/wp-json\/wp\/v2\/media?parent=10062160"}],"curies":[{"name":"wp","href":"https:\/\/api.w.org\/{rel}","templated":true}]}}