{"id":153207,"date":"2020-06-11T16:52:52","date_gmt":"2020-06-11T16:52:52","guid":{"rendered":"https:\/\/casinoalto.com\/mx\/?page_id=153207"},"modified":"2026-03-04T17:59:47","modified_gmt":"2026-03-04T17:59:47","slug":"codigo-promocional-betfair-casino","status":"publish","type":"page","link":"https:\/\/casinoalto.com\/mx\/codigos\/codigo-promocional-betfair-casino\/","title":{"rendered":"C\u00f3digo promocional Betfair Casino"},"content":{"rendered":"<p>Para saber elegir adecuadamente el <a href=\"\/mx\/casinos-online\/\">casino online para jugar en 2025<\/a> que mejor se adapte a nuestras necesidades es importante valorar muchas cosas. Lo principal es la cantidad de juegos con la que cuente, la atenci\u00f3n al cliente que brinden o la seguridad que pueda dar a los usuarios.<\/p>\n<p>Sin embargo, hay algo que puede ser a\u00fan m\u00e1s determinante que son las ofertas y promociones. Las que surgen en forma de <a href=\"https:\/\/casinoalto.com\/mx\/bonos-de-bienvenida\/\">bonos de bienvenida para nuevos jugadores<\/a> son especialmente importantes y por eso es que presentamos este c\u00f3digo promocional de Betfair Casino, basado en su promo para nuevos usuarios. Con este vas a poder conseguir hasta 6.000 pesos por realizar un primer dep\u00f3sito m\u00e1s 20 tiradas gratuitas.<\/p>\n<p><em>Pasos a seguir para conseguir la promoci\u00f3n:<\/em><\/p>\n<ul>\n<li>Reg\u00edstrate en Betfair Casino a trav\u00e9s de uno de nuestros enlaces en <a href=\"https:\/\/casinoalto.com\/mx\/\">Casino Alto<\/a>.<\/li>\n<li>Utiliza el c\u00f3digo promocional de Betfair Casino.<\/li>\n<li>Realiza un dep\u00f3sito de MXN$200 como m\u00ednimo con las <a href=\"https:\/\/casinoalto.com\/mx\/metodos-de-pago\/\">formas de pago del casino<\/a>.<\/li>\n<li>El bono por valor del 300% de tu ingreso ser\u00e1 acreditado en tu cuenta.<\/li>\n<\/ul>\n<p>La oferta est\u00e1 disponible <strong>hasta el 31 de diciembre del 2020<\/strong>. Lo mejor es que si quieres iniciarte en el mundillo del juego en l\u00ednea te sumes a esta gran oportunidad.<\/p>\n<p>La promo de Betfair Casino incluye un <strong>bono del 300% del valor de tu primer dep\u00f3sito hasta un m\u00e1ximo de 6.000 pesos mexicanos m\u00e1s 20 tiradas gratuitas<\/strong>. Eso quiere decir que si ingresas 1.000 pesos te llevar\u00e1s otros 3.000 extra en forma de bono solo por haber utilizado este c\u00f3digo promocional de Betfair y haber realizado ese primer dep\u00f3sito.<\/p>\n<p>El bono tiene una <strong>caducidad de 7 d\u00edas<\/strong>. Una vez que concluya esa fecha, todas las ganancias que queden por liberar ser\u00e1n canceladas. Y es que el bono contiene un <strong>rollover (cantidad de apuesta m\u00ednima) a liberar de 35 veces la cuant\u00eda del mismo<\/strong>.<\/p>\n<p>Por tanto, si te has hecho con un bono de 2.000 pesos, deber\u00e1s jugar una cantidad total de 70.000 pesos en los juegos que m\u00e1s te gusten de Betfair Casino. Aunque hay que tener en cuenta que hay algunos juegos que no contar\u00e1n para la liberaci\u00f3n del bono y no todos contribuyen de la misma manera a cumplir los requisitos de apuesta.<\/p>\n<p>En este caso, las tragamonedas contribuyen en un 100%, los <a href=\"\/mx\/juego\/ruleta\/\">juegos de ruleta en l\u00ednea<\/a> en un 25%, <a href=\"\/mx\/juego\/blackjack-online\/\">blackjack para jugar la demo<\/a> en un 10% y p\u00f3ker lo hacen en un 50% a excepci\u00f3n de algunas variantes, y otras variedades como <a href=\"\/mx\/reglas\/craps\/\">un juego como craps<\/a> lo hacen en un 5% o <a href=\"\/mx\/reglas\/sic-bo\/\">Sic Bo para jugar en l\u00ednea<\/a> en 50%. Los juegos en vivo son los que no cuentan para la promo.<\/p>\n<p>Adem\u00e1s, la oferta no es acumulable junto a ninguna otra de las existentes en el casino online, por lo que si decides apuntarte a ella ser\u00e1 para utilizarla de forma exclusiva.<\/p>\n<p>En total <strong>hasta 6.000 pesos mexicanos<\/strong>, una forma muy buena de empezar a jugar con el c\u00f3digo promocional de Betfair Casino. Si te surge cualquier tipo de duda puedes revisar la secci\u00f3n de t\u00e9rminos y condiciones en el sitio web del operador o ponerte en contacto con el servicio de atenci\u00f3n al cliente. El juego te est\u00e1 esperando, as\u00ed que no le hagas esperar.<\/p>\n","protected":false},"excerpt":{"rendered":"<p>Para saber elegir adecuadamente el casino online para jugar en 2025 que mejor se adapte a nuestras necesidades es importante valorar muchas cosas. Lo principal es la cantidad de juegos con la que cuente, la atenci\u00f3n al cliente que brinden o la seguridad que pueda dar a los usuarios. Sin embargo, hay algo que puede [&hellip;]<\/p>\n","protected":false},"author":11,"featured_media":0,"parent":10061091,"menu_order":0,"comment_status":"closed","ping_status":"closed","template":"single_codigo.php","meta":{"_acf_changed":false,"footnotes":""},"class_list":["post-153207","page","type-page","status-publish","hentry"],"acf":[],"_links":{"self":[{"href":"https:\/\/casinoalto.com\/mx\/wp-json\/wp\/v2\/pages\/153207","targetHints":{"allow":["GET"]}}],"collection":[{"href":"https:\/\/casinoalto.com\/mx\/wp-json\/wp\/v2\/pages"}],"about":[{"href":"https:\/\/casinoalto.com\/mx\/wp-json\/wp\/v2\/types\/page"}],"author":[{"embeddable":true,"href":"https:\/\/casinoalto.com\/mx\/wp-json\/wp\/v2\/users\/11"}],"replies":[{"embeddable":true,"href":"https:\/\/casinoalto.com\/mx\/wp-json\/wp\/v2\/comments?post=153207"}],"version-history":[{"count":3,"href":"https:\/\/casinoalto.com\/mx\/wp-json\/wp\/v2\/pages\/153207\/revisions"}],"predecessor-version":[{"id":10061682,"href":"https:\/\/casinoalto.com\/mx\/wp-json\/wp\/v2\/pages\/153207\/revisions\/10061682"}],"up":[{"embeddable":true,"href":"https:\/\/casinoalto.com\/mx\/wp-json\/wp\/v2\/pages\/10061091"}],"wp:attachment":[{"href":"https:\/\/casinoalto.com\/mx\/wp-json\/wp\/v2\/media?parent=153207"}],"curies":[{"name":"wp","href":"https:\/\/api.w.org\/{rel}","templated":true}]}}