{"id":154847,"date":"2020-07-10T21:07:10","date_gmt":"2020-07-10T21:07:10","guid":{"rendered":"https:\/\/casinoalto.com\/pt\/?page_id=154847"},"modified":"2024-04-18T22:04:09","modified_gmt":"2024-04-18T22:04:09","slug":"codigo-promocional-betano-casino","status":"publish","type":"page","link":"https:\/\/casinoalto.com\/pt\/codigos\/codigo-promocional-betano-casino\/","title":{"rendered":"C\u00f3digo promocional Betano"},"content":{"rendered":"<p>Assim como qualquer outro casino online, o <strong><a href=\"\/pt\/casinos-online\/betano-casino\/\">Betano<\/a> <\/strong>tem uma condi\u00e7\u00e3o especial para novos usu\u00e1rios, que conseguem usufruir de um b\u00f3nus inicial de <strong>10<\/strong><strong>0%<\/strong> em rela\u00e7\u00e3o ao valor do primeiro dep\u00f3sito realizado pelo cliente na conta.<\/p>\n<p>Ou seja, o novo usu\u00e1rio pode ganhar <strong>at\u00e9 \u20ac200<\/strong> para se divertir em slots ou em qualquer outro jogo da parte de casino do Betano (ou, se preferir, utilizar na parte de apostas desportivas, que \u00e9 uma se\u00e7\u00e3o separada do site)<\/p>\n<p><em>Para poder utilizar o <a href=\"\/pt\/bonos-de-bienvenida\/\">b\u00f3nus de boas-vindas<\/a> do Betano, basta seguir os seguintes passos:<\/em><\/p>\n<ul>\n<li>Acessar o site por meio de um dos links que fornecemos aqui<\/li>\n<li>Fazer login na conta ou realizar o registo (caso ainda n\u00e3o tenha feito)<\/li>\n<li>Realizar um primeiro dep\u00f3sito de no m\u00ednimo \u20ac 10 por qualquer <a href=\"\/pt\/metodos-de-pago\/\">m\u00e9todo de pagamento<\/a> dispon\u00edvel<\/li>\n<li>Ap\u00f3s isso, o valor do b\u00f3nus \u00e9 creditado automaticamente na conta e o usu\u00e1rio j\u00e1 pode se divertir!<\/li>\n<\/ul>\n<p>Por exemplo: se um usu\u00e1rio deposita \u20ac80, ganhar\u00e1 uma bonifica\u00e7\u00e3o de \u20ac80 e ter\u00e1 um total de \u20ac 160 para jogar pelo site. No entanto, <strong>apenas os clientes residentes em Portugal<\/strong> t\u00eam direito a esta oferta de b\u00f3nus. Caso o utilizador seja portugu\u00eas, mas viva no estrangeiro e n\u00e3o tenha recebido o b\u00f3nus automaticamente, dever\u00e1 entrar em contacto com o Servi\u00e7o de Apoio ao Cliente do Betano.<\/p>\n<p>Para realizar o levantamento, o cliente precisar\u00e1 cumprir os requisitos do rollover. Para que os ganhos resultantes de apostas com uso de b\u00f3nus fiquem dispon\u00edveis para levantamento, \u00e9 preciso apostar o valor total de dep\u00f3sito e b\u00f3nus <strong>12.5 vezes<\/strong> no Casino (ou 5 vezes em apostas desportivas \u00e0 cota, caso o cliente desejar).<\/p>\n<p>Ainda usando o exemplo inicial, o cliente que depositou \u20ac80 teria um total de \u20ac160 dispon\u00edvel para apostas. Neste caso, o volume de apostas dever\u00e1 ser de \u20ac2.500 para que os ganhos obtidos com b\u00f3nus possam ser levantados. Para o c\u00e1lculo do requisito, apenas os slots contribuem para o rollover.<\/p>\n<p>A partir do momento em que o b\u00f3nus \u00e9 ativado, todos os clientes t\u00eam um per\u00edodo de 30 dias para completar o requisito de apostas. Se esse per\u00edodo se encerrar, qualquer valor de b\u00f3nus ser\u00e1 automaticamente perdido.<\/p>\n<p>\u00c9 importante destacar que qualquer saldo dispon\u00edvel (dinheiro que depositou ou lucros que tenham ocorrido apostando com o dinheiro pr\u00f3prio) que exista na conta ser\u00e1 usado para apostas antes do valor do b\u00f3nus. Quaisquer lucros provenientes de apostas s\u00e3o distribu\u00eddos de acordo com a origem dos seus fundos de apostas.<\/p>\n<p>Al\u00e9m do b\u00f3nus de boas-vindas ap\u00f3s o primeiro dep\u00f3sito, o Betano oferece tamb\u00e9m 10 <strong>rodadas gr\u00e1tis<\/strong> no slot Starburst, que n\u00e3o requer nenhum dep\u00f3sito. Ou seja, ele fica dispon\u00edvel para o cliente logo ap\u00f3s efetuar o registo.<\/p>\n<p>O b\u00f3nus \u00e9 ativado a partir do momento em que o usu\u00e1rio abre o slot Starburst pela primeira vez e as rodadas gr\u00e1tis ficam dispon\u00edveis por 7 dias ap\u00f3s o registo. As rodadas gr\u00e1tis tem valor de \u20ac 0,10 e os ganhos resultantes delas <strong>n\u00e3o t\u00eam quaisquer requisitos<\/strong> a cumprir, sendo creditados na conta como saldo real.<\/p>\n<div id=\"gtx-trans\">\n<div class=\"gtx-trans-icon\"><\/div>\n<\/div>\n","protected":false},"excerpt":{"rendered":"<p>Assim como qualquer outro casino online, o Betano tem uma condi\u00e7\u00e3o especial para novos usu\u00e1rios, que conseguem usufruir de um b\u00f3nus inicial de 100% em rela\u00e7\u00e3o ao valor do primeiro dep\u00f3sito realizado pelo cliente na conta. Ou seja, o novo usu\u00e1rio pode ganhar at\u00e9 \u20ac200 para se divertir em slots ou em qualquer outro jogo [&hellip;]<\/p>\n","protected":false},"author":20,"featured_media":0,"parent":154198,"menu_order":0,"comment_status":"closed","ping_status":"closed","template":"single_codigo.php","meta":{"_acf_changed":false,"footnotes":""},"class_list":["post-154847","page","type-page","status-publish","hentry"],"acf":[],"_links":{"self":[{"href":"https:\/\/casinoalto.com\/pt\/wp-json\/wp\/v2\/pages\/154847","targetHints":{"allow":["GET"]}}],"collection":[{"href":"https:\/\/casinoalto.com\/pt\/wp-json\/wp\/v2\/pages"}],"about":[{"href":"https:\/\/casinoalto.com\/pt\/wp-json\/wp\/v2\/types\/page"}],"author":[{"embeddable":true,"href":"https:\/\/casinoalto.com\/pt\/wp-json\/wp\/v2\/users\/20"}],"replies":[{"embeddable":true,"href":"https:\/\/casinoalto.com\/pt\/wp-json\/wp\/v2\/comments?post=154847"}],"version-history":[{"count":3,"href":"https:\/\/casinoalto.com\/pt\/wp-json\/wp\/v2\/pages\/154847\/revisions"}],"predecessor-version":[{"id":10061481,"href":"https:\/\/casinoalto.com\/pt\/wp-json\/wp\/v2\/pages\/154847\/revisions\/10061481"}],"up":[{"embeddable":true,"href":"https:\/\/casinoalto.com\/pt\/wp-json\/wp\/v2\/pages\/154198"}],"wp:attachment":[{"href":"https:\/\/casinoalto.com\/pt\/wp-json\/wp\/v2\/media?parent=154847"}],"curies":[{"name":"wp","href":"https:\/\/api.w.org\/{rel}","templated":true}]}}